{"id":4695,"date":"2024-11-21T16:34:11","date_gmt":"2024-11-21T16:34:11","guid":{"rendered":"https:\/\/booking.rehmracedays.de\/condiciones-generales\/"},"modified":"2025-04-02T11:07:16","modified_gmt":"2025-04-02T11:07:16","slug":"condiciones-generales","status":"publish","type":"page","link":"https:\/\/www.rehmracedays.com\/es\/condiciones-generales\/","title":{"rendered":"Condiciones generales"},"content":{"rendered":"\t\t<div data-elementor-type=\"wp-page\" data-elementor-id=\"4695\" class=\"elementor elementor-4695 elementor-331\" data-elementor-post-type=\"page\">\n\t\t\t\t<div class=\"elementor-element elementor-element-067653c e-con-full e-flex e-con e-parent\" data-id=\"067653c\" data-element_type=\"container\" data-e-type=\"container\">\n\t\t\t\t<div class=\"elementor-element elementor-element-3e9ace9 elementor--h-position-center elementor--v-position-middle elementor-arrows-position-inside elementor-pagination-position-inside elementor-widget elementor-widget-slides\" data-id=\"3e9ace9\" data-element_type=\"widget\" data-e-type=\"widget\" data-settings=\"{&quot;navigation&quot;:&quot;both&quot;,&quot;autoplay&quot;:&quot;yes&quot;,&quot;pause_on_hover&quot;:&quot;yes&quot;,&quot;pause_on_interaction&quot;:&quot;yes&quot;,&quot;autoplay_speed&quot;:5000,&quot;infinite&quot;:&quot;yes&quot;,&quot;transition&quot;:&quot;slide&quot;,&quot;transition_speed&quot;:500}\" data-widget_type=\"slides.default\">\n\t\t\t\t<div class=\"elementor-widget-container\">\n\t\t\t\t\t\t\t\t\t<div class=\"elementor-swiper\">\n\t\t\t\t\t<div class=\"elementor-slides-wrapper elementor-main-swiper swiper\" role=\"region\" aria-roledescription=\"carousel\" aria-label=\"Slider\" dir=\"ltr\" data-animation=\"fadeInUp\">\n\t\t\t\t<div class=\"swiper-wrapper elementor-slides\">\n\t\t\t\t\t\t\t\t\t\t<div class=\"elementor-repeater-item-d1b18c1 swiper-slide\" role=\"group\" aria-roledescription=\"slide\"><div class=\"swiper-slide-bg\" role=\"img\" aria-label=\"foto_snap_shot__20_\"><\/div><div class=\"swiper-slide-inner\" ><div class=\"swiper-slide-contents\"><\/div><\/div><\/div>\t\t\t\t<\/div>\n\t\t\t\t\t\t\t<\/div>\n\t\t\t\t<\/div>\n\t\t\t\t\t\t\t\t<\/div>\n\t\t\t\t<\/div>\n\t\t\t\t<\/div>\n\t\t<div class=\"elementor-element elementor-element-6005b48 e-grid e-con-boxed e-con e-parent\" data-id=\"6005b48\" data-element_type=\"container\" data-e-type=\"container\">\n\t\t\t\t\t<div class=\"e-con-inner\">\n\t\t\t\t<div class=\"elementor-element elementor-element-b78ffdc elementor-widget elementor-widget-text-editor\" data-id=\"b78ffdc\" data-element_type=\"widget\" data-e-type=\"widget\" data-widget_type=\"text-editor.default\">\n\t\t\t\t<div class=\"elementor-widget-container\">\n\t\t\t\t\t\t\t\t\t<h1>CONDICIONES GENERALES<\/h1>\n\t\t\t\t\t\t\t\t<\/div>\n\t\t\t\t<\/div>\n\t\t\t\t<div class=\"elementor-element elementor-element-bb7308d elementor-widget elementor-widget-image\" data-id=\"bb7308d\" data-element_type=\"widget\" data-e-type=\"widget\" data-widget_type=\"image.default\">\n\t\t\t\t<div class=\"elementor-widget-container\">\n\t\t\t\t\t\t\t\t\t\t\t\t\t\t\t<img decoding=\"async\" width=\"300\" height=\"78\" src=\"https:\/\/www.rehmracedays.com\/wp-content\/uploads\/2024\/11\/Bobbl-300x78.png\" class=\"attachment-medium size-medium wp-image-5517\" alt=\"\" srcset=\"https:\/\/www.rehmracedays.com\/wp-content\/uploads\/2024\/11\/Bobbl-300x78.png 300w, https:\/\/www.rehmracedays.com\/wp-content\/uploads\/2024\/11\/Bobbl-1024x268.png 1024w, https:\/\/www.rehmracedays.com\/wp-content\/uploads\/2024\/11\/Bobbl-768x201.png 768w, https:\/\/www.rehmracedays.com\/wp-content\/uploads\/2024\/11\/Bobbl-1536x401.png 1536w, https:\/\/www.rehmracedays.com\/wp-content\/uploads\/2024\/11\/Bobbl-2048x535.png 2048w, https:\/\/www.rehmracedays.com\/wp-content\/uploads\/2024\/11\/Bobbl-600x157.png 600w\" sizes=\"(max-width: 300px) 100vw, 300px\" \/>\t\t\t\t\t\t\t\t\t\t\t\t\t\t\t<\/div>\n\t\t\t\t<\/div>\n\t\t\t\t\t<\/div>\n\t\t\t\t<\/div>\n\t\t<div class=\"elementor-element elementor-element-b4afbe9 e-flex e-con-boxed e-con e-parent\" data-id=\"b4afbe9\" data-element_type=\"container\" data-e-type=\"container\">\n\t\t\t\t\t<div class=\"e-con-inner\">\n\t\t\t\t<div class=\"elementor-element elementor-element-45d99ff elementor-widget elementor-widget-text-editor\" data-id=\"45d99ff\" data-element_type=\"widget\" data-e-type=\"widget\" data-widget_type=\"text-editor.default\">\n\t\t\t\t<div class=\"elementor-widget-container\">\n\t\t\t\t\t\t\t\t\t<h2>Inscripci\u00f3n <\/h2>\n<p><span style=\"font-size: 16px;\">La inscripci\u00f3n\/reserva s\u00f3lo es v\u00e1lida por escrito con firma (correo electr\u00f3nico\/correo postal), a trav\u00e9s de una reserva en l\u00ednea en nuestro sitio web www.rehmracedays.com o socios verificados por escrito. La inscripci\u00f3n\/reserva s\u00f3lo ser\u00e1 v\u00e1lida tras el pago completo y la confirmaci\u00f3n por nuestra parte. La fecha l\u00edmite de inscripci\u00f3n es siempre cuando se ha alcanzado el n\u00famero m\u00e1ximo de participantes por evento.  <\/span><\/p>\n<div class=\"row\">\n<div class=\"large-8 large-offset-2 columns\">\n<h2 style=\"font-family: 'Open Sans', sans-serif;\">Boxes \/ Garajes<\/h2>\n<div>\n<p>Todos los boxes y espacios en boxes colectivos tienen el estatus de \u00abreservados\u00bb hasta que la asignaci\u00f3n final haya sido confirmada in situ por el respectivo circuito. Rogamos su comprensi\u00f3n en caso de que se produzcan reducciones de capacidad a corto plazo. <\/p>\n<\/div>\n<h2>Pago<\/h2>\n<p>El importe de la factura debe transferirse en su totalidad a nuestras cuentas en Alemania inmediatamente despu\u00e9s de su contabilizaci\u00f3n, o debe liquidarse utilizando otra opci\u00f3n de pago proporcionada.<\/p>\n<h2>Dimisi\u00f3n<\/h2>\n<p>Las inscripciones\/reservas son siempre vinculantes. En caso de cancelaci\u00f3n hasta 56 d\u00edas antes del evento, se retendr\u00e1n 100,00 euros de la cuota de participaci\u00f3n. La cancelaci\u00f3n posterior no es posible a menos que se nombre a un participante sustituto. Si no se nombra a un participante sustituto, se cobrar\u00e1 la cuota de inscripci\u00f3n en concepto de gastos de cancelaci\u00f3n. Las anulaciones s\u00f3lo se aceptar\u00e1n por escrito. Si se cancela un evento por motivos no imputables al organizador (coincidencia, fuerza mayor, incluidas condiciones meteorol\u00f3gicas adversas o culpa de terceros), se perder\u00e1 el importe de la inscripci\u00f3n. En otros casos de cancelaci\u00f3n por parte de los circiutos, se pondr\u00e1n a disposici\u00f3n fechas alternativas adecuadas en el plazo de un a\u00f1o con derecho de reserva preferente de acuerdo con las condiciones contractuales.       <\/p>\n<h2>Responsabilidad<\/h2>\n<p>La participaci\u00f3n en los eventos organizados por Rehm race days GmbH, en lo sucesivo RRD, corre por cuenta y riesgo del participante. Como organizador, RRD no acepta ninguna responsabilidad por la ejecuci\u00f3n del evento o por cualquier da\u00f1o causado por el evento &#8211; independientemente de los fundamentos jur\u00eddicos. Las limitaciones de responsabilidad no se aplicar\u00e1n a las lesiones corporales, los da\u00f1os a la salud o la p\u00e9rdida de la vida causados por RRD por negligencia grave, dolo o cualquier otra causa imputable a RRD. Lo mismo se aplicar\u00e1 a los representantes legales de RRD o sus auxiliares ejecutivos. Adem\u00e1s, las limitaciones de responsabilidad no se aplicar\u00e1n a otros da\u00f1os causados por un incumplimiento de obligaciones por negligencia grave por parte de RRD o por un incumplimiento de obligaciones por negligencia grave o dolosa por parte de un representante legal o agente indirecto de RRD. Adem\u00e1s, la limitaci\u00f3n de responsabilidad no se aplica a la responsabilidad basada en la Ley de Responsabilidad por Productos Defectuosos. Cada participante (=TN) es \u00fanica y exclusivamente responsable de cualquier da\u00f1o causado por \u00e9l a otros participantes o a terceros. Se hace referencia a la exclusi\u00f3n de riesgo estatutaria para eventos de carreras. El participante tambi\u00e9n es responsable de los da\u00f1os a personas y bienes causados por terceros que utilicen el veh\u00edculo durante los eventos. Cada participante es responsable de los da\u00f1os materiales causados a su veh\u00edculo, incluso si un tercero es responsable de ello. RRD no est\u00e1 obligada a contratar un seguro de responsabilidad civil.          <\/p>\n<h2>Comportamientos<\/h2>\n<p>Los participantes (incluidos los debutantes en el ring) s\u00f3lo podr\u00e1n utilizar el circuito y tomar parte en los eventos tras haber reconocido las Condiciones Generales y la exclusi\u00f3n de responsabilidad mediante la firma de las Condiciones Generales de RRD y, en su caso, las de los socios contractuales incluidos. Si un menor de edad desea participar en los eventos, deber\u00e1 solicitarlo por escrito (correo electr\u00f3nico\/correo postal) y recibir la confirmaci\u00f3n de RRD; un tutor legal o signatario autorizado deber\u00e1 aceptar la participaci\u00f3n y firmar las Condiciones Generales, as\u00ed como las exclusiones y limitaciones de responsabilidad contenidas en las mismas. Las normas de comportamiento durante los eventos se comunican en el briefing en presencia con participaci\u00f3n obligatoria, la participaci\u00f3n se comprueba a la entrada del circuito. Si no se cumple alg\u00fan punto de las CGC, se proceder\u00e1 a la exclusi\u00f3n del evento junto con la salida inmediata del lugar del evento\/campamento, sin derecho a reembolso de la cuota de participaci\u00f3n. La RRD tiene libertad de decisi\u00f3n en este punto; adem\u00e1s de las respectivas normas de la casa en el lugar del evento, se deber\u00e1 obedecer a los representantes legales y auxiliares ejecutivos de la RRD y del operador del circuito.     <\/p>\n<h2>Entrar en la pista<\/h2>\n<p class=\"align-justify\">Al entrar en la pista de carreras, nunca debes cruzarla. Debes indicar a los pilotos en la pista con se\u00f1ales manuales hasta llegar a la primera curva, indicando que est\u00e1s entrando en el tr\u00e1fico desde el pit lane a una velocidad adecuada. Incluso en la primera curva, debes permanecer en el lado por el que viniste desde la salida del pit lane. \u00a1La DERECHA se queda a la DERECHA y la IZQUIERDA se queda a la IZQUIERDA! Los participantes que crucen la pista directamente despu\u00e9s de salir del pit lane antes de la primera curva ser\u00e1n excluidos del evento de inmediato y sin previo aviso para proteger la seguridad de los dem\u00e1s participantes. \u00a1No habr\u00e1 excepciones!     <\/p>\n<h2>Se\u00f1ales de bandera<\/h2>\n<p class=\"align-justify\">Deben respetarse las se\u00f1ales de bandera en la pista de carreras. \u00a1Los corredores que no respeten las se\u00f1ales de bandera y pongan en peligro a los dem\u00e1s como resultado ser\u00e1n excluidos del evento! <\/p>\n<h2>Exclusi\u00f3n de participantes<\/h2>\n<p>Todo participante que infrinja las normas de conducta y participaci\u00f3n con su comportamiento o ponga en peligro a otros participantes\/terceros o deje su veh\u00edculo a personas no inscritas ser\u00e1 excluido del evento con efecto inmediato. No se reembolsar\u00e1 la cuota de participaci\u00f3n abonada ni los d\u00edas de evento restantes o no utilizados. En caso de que la exclusi\u00f3n se base en el hecho de que el participante permita a terceros participar en los eventos sin autorizaci\u00f3n o permita a terceros hacerlo, deber\u00e1 abonarse una cuota de participaci\u00f3n adicional a la RRD. El RRD es libre de decidir si excluye a estos participantes de la participaci\u00f3n de forma temporal o permanente.   <\/p>\n<h2>Veh\u00edculos<\/h2>\n<p>Las motos ser\u00e1n sometidas a controles aleatorios a la entrada del circuito. Las motos que no cumplan las siguientes normas de seguridad y las de la sede respectiva ser\u00e1n rechazadas. La no reparaci\u00f3n, revisi\u00f3n o adaptaci\u00f3n del veh\u00edculo supondr\u00e1 la exclusi\u00f3n de la prueba con todas las restricciones establecidas en el apartado \u00abexclusi\u00f3n de participantes\u00bb. Las motos deber\u00e1n estar en perfectas condiciones t\u00e9cnicas. Los frenos deben estar en buen estado de funcionamiento, los conductos de gasolina, los tapones de aceite y los filtros de aceite deben estar asegurados para que no se puedan desenroscar ni aflojar. S\u00f3lo se permite agua como refrigerante (no anticongelante o similar). Los faros y los retrovisores deben estar desmontados o enmascarados. Cada conductor es responsable de que el veh\u00edculo est\u00e9 en perfectas condiciones; adem\u00e1s, se aplicar\u00e1n las normas correspondientes del lugar de celebraci\u00f3n. Los veh\u00edculos con accionamientos electr\u00f3nicos requieren una solicitud y autorizaci\u00f3n por escrito (correo electr\u00f3nico\/correo postal) de la RRD al menos 6 semanas antes del inicio del evento. Los veh\u00edculos deber\u00e1n respetar el l\u00edmite de volumen aplicable en el lugar de celebraci\u00f3n.         <\/p>\n<h2>Conductor \/ Participante<\/h2>\n<p>La ropa de protecci\u00f3n completa es obligatoria. Casco integral, traje protector, botas con protecci\u00f3n para los tobillos, protector de espalda, guantes, etc. forman parte del equipamiento del piloto. El piloto debe estar en buenas condiciones f\u00edsicas; el abuso de alcohol, drogas y medicamentos dar\u00e1 lugar a la exclusi\u00f3n inmediata del evento. El participante conoce y acepta las normas de uso del circuito (se\u00f1ales con banderas, se\u00f1ales manuales antes de entrar en boxes, etc.). El primer y el segundo d\u00eda de la prueba y seg\u00fan sea necesario (tenga en cuenta el horario), se han programado dos sesiones informativas para los pilotos por la ma\u00f1ana. Es obligatorio asistir a una de estas sesiones informativas para aprender o refrescar las normas y reglamentos, y para ser informado sobre las condiciones y circunstancias especiales en el lugar respectivo. Cada participante deber\u00e1 contratar un seguro que cubra los siguientes gastos: responsabilidad civil por da\u00f1os al veh\u00edculo propio, accidente, gastos m\u00e9dicos, invalidez, p\u00e9rdida de ingresos en caso de accidente, gastos de traslado del participante y del veh\u00edculo. Cada participante deber\u00e1 estar en posesi\u00f3n de un seguro m\u00e9dico v\u00e1lido para los eventos. Para los eventos en el extranjero se requiere un seguro m\u00e9dico adicional. El participante lo confirma al enviar y firmar el formulario de inscripci\u00f3n. La RRD se reserva el derecho de cobrar al participante los gastos derivados de la asistencia m\u00e9dica fuera del circuito (transporte al hospital, etc.). Los primeros auxilios en el circuito est\u00e1n incluidos en el precio de la inscripci\u00f3n.           <\/p>\n<h2>Circuito para reci\u00e9n llegados<\/h2>\n<p>Para los reci\u00e9n llegados al circuito y las personas que nunca hayan participado en un evento RRD, tambi\u00e9n es obligatoria una sesi\u00f3n informativa aparte antes de utilizar el circuito. S\u00f3lo se puede conducir en el circuito en los bloques de tiempo especialmente designados. Adem\u00e1s, los reci\u00e9n llegados al circuito deben ser claramente reconocibles y diferenciarse de los dem\u00e1s participantes llevando una sobrecamisa amarilla (proporcionada contra fianza).  <\/p>\n<h2>Uso de fotos\/v\u00eddeos\/datos soportados por EDP<\/h2>\n<p>Todas las fotos, v\u00eddeos y grabaciones de audio realizadas durante el evento por fot\u00f3grafos autorizados o por los sistemas de vigilancia de las instalaciones podr\u00e1n ser utilizadas y publicadas por RRD, el fot\u00f3grafo autorizado y los circuitos en los sitios web, en los canales de las redes sociales y con fines publicitarios generales. Las grabaciones de las c\u00e1maras de vigilancia de seguridad, as\u00ed como los datos de cualquier tipo recogidos, podr\u00e1n ser almacenados y procesados con la ayuda de sistemas inform\u00e1ticos y, en caso necesario, utilizados por RRD, el respectivo operador del circuito y\/o socio contractual para investigar comportamientos delictivos, accidentes, da\u00f1os y\/u otros incidentes comparables. <\/p>\n<h2>Lugar de jurisdicci\u00f3n<\/h2>\n<p>Las CGC est\u00e1n traducidas y disponibles en varios idiomas. En caso de litigio sobre la interpretaci\u00f3n de las CGC, prevalecer\u00e1 la redacci\u00f3n en alem\u00e1n. Las partes acuerdan que se aplicar\u00e1 la legislaci\u00f3n alemana. El fuero competente para todos los litigios es Ulm Donau (Alemania).   <\/p>\n<\/div>\n<\/div>\n\t\t\t\t\t\t\t\t<\/div>\n\t\t\t\t<\/div>\n\t\t\t\t\t<\/div>\n\t\t\t\t<\/div>\n\t\t\t\t<\/div>\n\t\t","protected":false},"excerpt":{"rendered":"<p>CONDICIONES GENERALES Inscripci\u00f3n La inscripci\u00f3n\/reserva s\u00f3lo es v\u00e1lida por escrito con firma (correo electr\u00f3nico\/correo postal), a trav\u00e9s de una reserva en l\u00ednea en nuestro sitio web www.rehmracedays.com o socios verificados por escrito. La inscripci\u00f3n\/reserva s\u00f3lo ser\u00e1 v\u00e1lida tras el pago completo y la confirmaci\u00f3n por nuestra parte. La fecha l\u00edmite de inscripci\u00f3n es siempre cuando [&hellip;]<\/p>\n","protected":false},"author":2,"featured_media":0,"parent":0,"menu_order":0,"comment_status":"closed","ping_status":"closed","template":"","meta":{"postBodyCss":"","postBodyMargin":[],"postBodyPadding":[],"postBodyBackground":{"backgroundType":"classic","gradient":""},"footnotes":""},"class_list":["post-4695","page","type-page","status-publish","hentry"],"yoast_head":"<!-- This site is optimized with the Yoast SEO plugin v27.0 - https:\/\/yoast.com\/product\/yoast-seo-wordpress\/ -->\n<title>Condiciones generales - Rehm Race Days<\/title>\n<meta name=\"robots\" content=\"index, follow, max-snippet:-1, max-image-preview:large, max-video-preview:-1\" \/>\n<link rel=\"canonical\" href=\"https:\/\/www.rehmracedays.com\/es\/condiciones-generales\/\" \/>\n<meta property=\"og:locale\" content=\"es_ES\" \/>\n<meta property=\"og:type\" content=\"article\" \/>\n<meta property=\"og:title\" content=\"Condiciones generales - Rehm Race Days\" \/>\n<meta property=\"og:description\" content=\"CONDICIONES GENERALES Inscripci\u00f3n La inscripci\u00f3n\/reserva s\u00f3lo es v\u00e1lida por escrito con firma (correo electr\u00f3nico\/correo postal), a trav\u00e9s de una reserva en l\u00ednea en nuestro sitio web www.rehmracedays.com o socios verificados por escrito. La inscripci\u00f3n\/reserva s\u00f3lo ser\u00e1 v\u00e1lida tras el pago completo y la confirmaci\u00f3n por nuestra parte. La fecha l\u00edmite de inscripci\u00f3n es siempre cuando [&hellip;]\" \/>\n<meta property=\"og:url\" content=\"https:\/\/www.rehmracedays.com\/es\/condiciones-generales\/\" \/>\n<meta property=\"og:site_name\" content=\"Rehm Race Days\" \/>\n<meta property=\"article:modified_time\" content=\"2025-04-02T11:07:16+00:00\" \/>\n<meta property=\"og:image\" content=\"https:\/\/www.rehmracedays.com\/wp-content\/uploads\/2024\/11\/Bobbl-e1743418071419-300x248.png\" \/>\n<meta name=\"twitter:card\" content=\"summary_large_image\" \/>\n<meta name=\"twitter:label1\" content=\"Tiempo de lectura\" \/>\n\t<meta name=\"twitter:data1\" content=\"9 minutos\" \/>\n<script type=\"application\/ld+json\" class=\"yoast-schema-graph\">{\"@context\":\"https:\/\/schema.org\",\"@graph\":[{\"@type\":\"WebPage\",\"@id\":\"https:\/\/www.rehmracedays.com\/es\/condiciones-generales\/\",\"url\":\"https:\/\/www.rehmracedays.com\/es\/condiciones-generales\/\",\"name\":\"Condiciones generales - Rehm Race Days\",\"isPartOf\":{\"@id\":\"https:\/\/www.rehmracedays.com\/es\/#website\"},\"primaryImageOfPage\":{\"@id\":\"https:\/\/www.rehmracedays.com\/es\/condiciones-generales\/#primaryimage\"},\"image\":{\"@id\":\"https:\/\/www.rehmracedays.com\/es\/condiciones-generales\/#primaryimage\"},\"thumbnailUrl\":\"https:\/\/www.rehmracedays.com\/wp-content\/uploads\/2024\/11\/Bobbl-e1743418071419-300x248.png\",\"datePublished\":\"2024-11-21T16:34:11+00:00\",\"dateModified\":\"2025-04-02T11:07:16+00:00\",\"breadcrumb\":{\"@id\":\"https:\/\/www.rehmracedays.com\/es\/condiciones-generales\/#breadcrumb\"},\"inLanguage\":\"es\",\"potentialAction\":[{\"@type\":\"ReadAction\",\"target\":[\"https:\/\/www.rehmracedays.com\/es\/condiciones-generales\/\"]}]},{\"@type\":\"ImageObject\",\"inLanguage\":\"es\",\"@id\":\"https:\/\/www.rehmracedays.com\/es\/condiciones-generales\/#primaryimage\",\"url\":\"https:\/\/www.rehmracedays.com\/wp-content\/uploads\/2024\/11\/Bobbl-e1743418071419-300x248.png\",\"contentUrl\":\"https:\/\/www.rehmracedays.com\/wp-content\/uploads\/2024\/11\/Bobbl-e1743418071419-300x248.png\"},{\"@type\":\"BreadcrumbList\",\"@id\":\"https:\/\/www.rehmracedays.com\/es\/condiciones-generales\/#breadcrumb\",\"itemListElement\":[{\"@type\":\"ListItem\",\"position\":1,\"name\":\"Startseite\",\"item\":\"https:\/\/www.rehmracedays.com\/es\/\"},{\"@type\":\"ListItem\",\"position\":2,\"name\":\"Condiciones generales\"}]},{\"@type\":\"WebSite\",\"@id\":\"https:\/\/www.rehmracedays.com\/es\/#website\",\"url\":\"https:\/\/www.rehmracedays.com\/es\/\",\"name\":\"Rehm Race Days\",\"description\":\"Motorrad auf der Rennstrecke fahren\",\"publisher\":{\"@id\":\"https:\/\/www.rehmracedays.com\/es\/#organization\"},\"potentialAction\":[{\"@type\":\"SearchAction\",\"target\":{\"@type\":\"EntryPoint\",\"urlTemplate\":\"https:\/\/www.rehmracedays.com\/es\/?s={search_term_string}\"},\"query-input\":{\"@type\":\"PropertyValueSpecification\",\"valueRequired\":true,\"valueName\":\"search_term_string\"}}],\"inLanguage\":\"es\"},{\"@type\":\"Organization\",\"@id\":\"https:\/\/www.rehmracedays.com\/es\/#organization\",\"name\":\"Rehm Race Days\",\"url\":\"https:\/\/www.rehmracedays.com\/es\/\",\"logo\":{\"@type\":\"ImageObject\",\"inLanguage\":\"es\",\"@id\":\"https:\/\/www.rehmracedays.com\/es\/#\/schema\/logo\/image\/\",\"url\":\"https:\/\/www.rehmracedays.com\/wp-content\/uploads\/2024\/11\/logorehm.png\",\"contentUrl\":\"https:\/\/www.rehmracedays.com\/wp-content\/uploads\/2024\/11\/logorehm.png\",\"width\":304,\"height\":79,\"caption\":\"Rehm Race Days\"},\"image\":{\"@id\":\"https:\/\/www.rehmracedays.com\/es\/#\/schema\/logo\/image\/\"}}]}<\/script>\n<!-- \/ Yoast SEO plugin. -->","yoast_head_json":{"title":"Condiciones generales - Rehm Race Days","robots":{"index":"index","follow":"follow","max-snippet":"max-snippet:-1","max-image-preview":"max-image-preview:large","max-video-preview":"max-video-preview:-1"},"canonical":"https:\/\/www.rehmracedays.com\/es\/condiciones-generales\/","og_locale":"es_ES","og_type":"article","og_title":"Condiciones generales - Rehm Race Days","og_description":"CONDICIONES GENERALES Inscripci\u00f3n La inscripci\u00f3n\/reserva s\u00f3lo es v\u00e1lida por escrito con firma (correo electr\u00f3nico\/correo postal), a trav\u00e9s de una reserva en l\u00ednea en nuestro sitio web www.rehmracedays.com o socios verificados por escrito. La inscripci\u00f3n\/reserva s\u00f3lo ser\u00e1 v\u00e1lida tras el pago completo y la confirmaci\u00f3n por nuestra parte. La fecha l\u00edmite de inscripci\u00f3n es siempre cuando [&hellip;]","og_url":"https:\/\/www.rehmracedays.com\/es\/condiciones-generales\/","og_site_name":"Rehm Race Days","article_modified_time":"2025-04-02T11:07:16+00:00","og_image":[{"url":"https:\/\/www.rehmracedays.com\/wp-content\/uploads\/2024\/11\/Bobbl-e1743418071419-300x248.png","type":"","width":"","height":""}],"twitter_card":"summary_large_image","twitter_misc":{"Tiempo de lectura":"9 minutos"},"schema":{"@context":"https:\/\/schema.org","@graph":[{"@type":"WebPage","@id":"https:\/\/www.rehmracedays.com\/es\/condiciones-generales\/","url":"https:\/\/www.rehmracedays.com\/es\/condiciones-generales\/","name":"Condiciones generales - Rehm Race Days","isPartOf":{"@id":"https:\/\/www.rehmracedays.com\/es\/#website"},"primaryImageOfPage":{"@id":"https:\/\/www.rehmracedays.com\/es\/condiciones-generales\/#primaryimage"},"image":{"@id":"https:\/\/www.rehmracedays.com\/es\/condiciones-generales\/#primaryimage"},"thumbnailUrl":"https:\/\/www.rehmracedays.com\/wp-content\/uploads\/2024\/11\/Bobbl-e1743418071419-300x248.png","datePublished":"2024-11-21T16:34:11+00:00","dateModified":"2025-04-02T11:07:16+00:00","breadcrumb":{"@id":"https:\/\/www.rehmracedays.com\/es\/condiciones-generales\/#breadcrumb"},"inLanguage":"es","potentialAction":[{"@type":"ReadAction","target":["https:\/\/www.rehmracedays.com\/es\/condiciones-generales\/"]}]},{"@type":"ImageObject","inLanguage":"es","@id":"https:\/\/www.rehmracedays.com\/es\/condiciones-generales\/#primaryimage","url":"https:\/\/www.rehmracedays.com\/wp-content\/uploads\/2024\/11\/Bobbl-e1743418071419-300x248.png","contentUrl":"https:\/\/www.rehmracedays.com\/wp-content\/uploads\/2024\/11\/Bobbl-e1743418071419-300x248.png"},{"@type":"BreadcrumbList","@id":"https:\/\/www.rehmracedays.com\/es\/condiciones-generales\/#breadcrumb","itemListElement":[{"@type":"ListItem","position":1,"name":"Startseite","item":"https:\/\/www.rehmracedays.com\/es\/"},{"@type":"ListItem","position":2,"name":"Condiciones generales"}]},{"@type":"WebSite","@id":"https:\/\/www.rehmracedays.com\/es\/#website","url":"https:\/\/www.rehmracedays.com\/es\/","name":"Rehm Race Days","description":"Motorrad auf der Rennstrecke fahren","publisher":{"@id":"https:\/\/www.rehmracedays.com\/es\/#organization"},"potentialAction":[{"@type":"SearchAction","target":{"@type":"EntryPoint","urlTemplate":"https:\/\/www.rehmracedays.com\/es\/?s={search_term_string}"},"query-input":{"@type":"PropertyValueSpecification","valueRequired":true,"valueName":"search_term_string"}}],"inLanguage":"es"},{"@type":"Organization","@id":"https:\/\/www.rehmracedays.com\/es\/#organization","name":"Rehm Race Days","url":"https:\/\/www.rehmracedays.com\/es\/","logo":{"@type":"ImageObject","inLanguage":"es","@id":"https:\/\/www.rehmracedays.com\/es\/#\/schema\/logo\/image\/","url":"https:\/\/www.rehmracedays.com\/wp-content\/uploads\/2024\/11\/logorehm.png","contentUrl":"https:\/\/www.rehmracedays.com\/wp-content\/uploads\/2024\/11\/logorehm.png","width":304,"height":79,"caption":"Rehm Race Days"},"image":{"@id":"https:\/\/www.rehmracedays.com\/es\/#\/schema\/logo\/image\/"}}]}},"meta_box":[],"_links":{"self":[{"href":"https:\/\/www.rehmracedays.com\/es\/wp-json\/wp\/v2\/pages\/4695","targetHints":{"allow":["GET"]}}],"collection":[{"href":"https:\/\/www.rehmracedays.com\/es\/wp-json\/wp\/v2\/pages"}],"about":[{"href":"https:\/\/www.rehmracedays.com\/es\/wp-json\/wp\/v2\/types\/page"}],"author":[{"embeddable":true,"href":"https:\/\/www.rehmracedays.com\/es\/wp-json\/wp\/v2\/users\/2"}],"replies":[{"embeddable":true,"href":"https:\/\/www.rehmracedays.com\/es\/wp-json\/wp\/v2\/comments?post=4695"}],"version-history":[{"count":0,"href":"https:\/\/www.rehmracedays.com\/es\/wp-json\/wp\/v2\/pages\/4695\/revisions"}],"wp:attachment":[{"href":"https:\/\/www.rehmracedays.com\/es\/wp-json\/wp\/v2\/media?parent=4695"}],"curies":[{"name":"wp","href":"https:\/\/api.w.org\/{rel}","templated":true}]}}