{"id":5070,"date":"2025-03-26T09:34:05","date_gmt":"2025-03-26T09:34:05","guid":{"rendered":"https:\/\/booking.rehmracedays.de\/race-school\/"},"modified":"2025-04-07T08:24:35","modified_gmt":"2025-04-07T08:24:35","slug":"race-school","status":"publish","type":"page","link":"https:\/\/www.rehmracedays.com\/es\/race-school\/","title":{"rendered":"RACE SCHOOL"},"content":{"rendered":"\t\t<div data-elementor-type=\"wp-page\" data-elementor-id=\"5070\" class=\"elementor elementor-5070 elementor-4330\" data-elementor-post-type=\"page\">\n\t\t\t\t<div class=\"elementor-element elementor-element-6245ba5 e-con-full e-flex e-con e-parent\" data-id=\"6245ba5\" data-element_type=\"container\" data-e-type=\"container\">\n\t\t\t\t<div class=\"elementor-element elementor-element-04a8999 elementor--h-position-center elementor--v-position-middle elementor-arrows-position-inside elementor-pagination-position-inside elementor-widget elementor-widget-slides\" data-id=\"04a8999\" data-element_type=\"widget\" data-e-type=\"widget\" data-settings=\"{&quot;navigation&quot;:&quot;both&quot;,&quot;autoplay&quot;:&quot;yes&quot;,&quot;pause_on_hover&quot;:&quot;yes&quot;,&quot;pause_on_interaction&quot;:&quot;yes&quot;,&quot;autoplay_speed&quot;:5000,&quot;infinite&quot;:&quot;yes&quot;,&quot;transition&quot;:&quot;slide&quot;,&quot;transition_speed&quot;:500}\" data-widget_type=\"slides.default\">\n\t\t\t\t<div class=\"elementor-widget-container\">\n\t\t\t\t\t\t\t\t\t<div class=\"elementor-swiper\">\n\t\t\t\t\t<div class=\"elementor-slides-wrapper elementor-main-swiper swiper\" role=\"region\" aria-roledescription=\"carousel\" aria-label=\"Slider\" dir=\"ltr\" data-animation=\"fadeInUp\">\n\t\t\t\t<div class=\"swiper-wrapper elementor-slides\">\n\t\t\t\t\t\t\t\t\t\t<div class=\"elementor-repeater-item-025df0a swiper-slide\" role=\"group\" aria-roledescription=\"slide\"><div class=\"swiper-slide-bg\" role=\"img\" aria-label=\"fotomoto_it__136_\"><\/div><div class=\"swiper-slide-inner\" ><div class=\"swiper-slide-contents\"><\/div><\/div><\/div><div class=\"elementor-repeater-item-465f01f swiper-slide\" role=\"group\" aria-roledescription=\"slide\"><div class=\"swiper-slide-bg\" role=\"img\" aria-label=\"fotomoto_it_20\"><\/div><div class=\"swiper-slide-inner\" ><div class=\"swiper-slide-contents\"><\/div><\/div><\/div>\t\t\t\t<\/div>\n\t\t\t\t\t\t\t\t\t\t\t\t\t\t\t<div class=\"elementor-swiper-button elementor-swiper-button-prev\" role=\"button\" tabindex=\"0\" aria-label=\"Diapositiva anterior\">\n\t\t\t\t\t\t\t<svg aria-hidden=\"true\" class=\"e-font-icon-svg e-eicon-chevron-left\" viewBox=\"0 0 1000 1000\" xmlns=\"http:\/\/www.w3.org\/2000\/svg\"><path d=\"M646 125C629 125 613 133 604 142L308 442C296 454 292 471 292 487 292 504 296 521 308 533L604 854C617 867 629 875 646 875 663 875 679 871 692 858 704 846 713 829 713 812 713 796 708 779 692 767L438 487 692 225C700 217 708 204 708 187 708 171 704 154 692 142 675 129 663 125 646 125Z\"><\/path><\/svg>\t\t\t\t\t\t<\/div>\n\t\t\t\t\t\t<div class=\"elementor-swiper-button elementor-swiper-button-next\" role=\"button\" tabindex=\"0\" aria-label=\"Diapositiva siguiente\">\n\t\t\t\t\t\t\t<svg aria-hidden=\"true\" class=\"e-font-icon-svg e-eicon-chevron-right\" viewBox=\"0 0 1000 1000\" xmlns=\"http:\/\/www.w3.org\/2000\/svg\"><path d=\"M696 533C708 521 713 504 713 487 713 471 708 454 696 446L400 146C388 133 375 125 354 125 338 125 325 129 313 142 300 154 292 171 292 187 292 204 296 221 308 233L563 492 304 771C292 783 288 800 288 817 288 833 296 850 308 863 321 871 338 875 354 875 371 875 388 867 400 854L696 533Z\"><\/path><\/svg>\t\t\t\t\t\t<\/div>\n\t\t\t\t\t\t\t\t\t\t\t\t\t\t\t\t<div class=\"swiper-pagination\"><\/div>\n\t\t\t\t\t\t\t\t\t\t\t\t<\/div>\n\t\t\t\t<\/div>\n\t\t\t\t\t\t\t\t<\/div>\n\t\t\t\t<\/div>\n\t\t\t\t<\/div>\n\t\t<div class=\"elementor-element elementor-element-af8e5bc e-grid e-con-boxed e-con e-parent\" data-id=\"af8e5bc\" data-element_type=\"container\" data-e-type=\"container\">\n\t\t\t\t\t<div class=\"e-con-inner\">\n\t\t\t\t<div class=\"elementor-element elementor-element-1c9b9ca elementor-widget elementor-widget-image\" data-id=\"1c9b9ca\" data-element_type=\"widget\" data-e-type=\"widget\" data-widget_type=\"image.default\">\n\t\t\t\t<div class=\"elementor-widget-container\">\n\t\t\t\t\t\t\t\t\t\t\t\t\t\t\t<img fetchpriority=\"high\" decoding=\"async\" width=\"800\" height=\"222\" src=\"https:\/\/www.rehmracedays.com\/wp-content\/uploads\/2025\/03\/RehmRaceSchool-1024x284.png\" class=\"attachment-large size-large wp-image-5636\" alt=\"\" srcset=\"https:\/\/www.rehmracedays.com\/wp-content\/uploads\/2025\/03\/RehmRaceSchool-1024x284.png 1024w, https:\/\/www.rehmracedays.com\/wp-content\/uploads\/2025\/03\/RehmRaceSchool-300x83.png 300w, https:\/\/www.rehmracedays.com\/wp-content\/uploads\/2025\/03\/RehmRaceSchool-768x213.png 768w, https:\/\/www.rehmracedays.com\/wp-content\/uploads\/2025\/03\/RehmRaceSchool-1536x426.png 1536w, https:\/\/www.rehmracedays.com\/wp-content\/uploads\/2025\/03\/RehmRaceSchool-600x166.png 600w, https:\/\/www.rehmracedays.com\/wp-content\/uploads\/2025\/03\/RehmRaceSchool.png 1900w\" sizes=\"(max-width: 800px) 100vw, 800px\" \/>\t\t\t\t\t\t\t\t\t\t\t\t\t\t\t<\/div>\n\t\t\t\t<\/div>\n\t\t\t\t\t<\/div>\n\t\t\t\t<\/div>\n\t\t<div class=\"elementor-element elementor-element-581ab4f e-flex e-con-boxed e-con e-parent\" data-id=\"581ab4f\" data-element_type=\"container\" data-e-type=\"container\">\n\t\t\t\t\t<div class=\"e-con-inner\">\n\t\t<div class=\"elementor-element elementor-element-4d2ba23 e-con-full e-flex e-con e-child\" data-id=\"4d2ba23\" data-element_type=\"container\" data-e-type=\"container\">\n\t\t<div class=\"elementor-element elementor-element-e8f00b6 e-con-full e-flex e-con e-child\" data-id=\"e8f00b6\" data-element_type=\"container\" data-e-type=\"container\">\n\t\t<div class=\"elementor-element elementor-element-fa81cab e-con-full e-flex e-con e-child\" data-id=\"fa81cab\" data-element_type=\"container\" data-e-type=\"container\">\n\t\t\t\t<div class=\"elementor-element elementor-element-c0dac9a elementor-widget elementor-widget-text-editor\" data-id=\"c0dac9a\" data-element_type=\"widget\" data-e-type=\"widget\" data-widget_type=\"text-editor.default\">\n\t\t\t\t<div class=\"elementor-widget-container\">\n\t\t\t\t\t\t\t\t\t<h1>Principiantes<\/h1>\t\t\t\t\t\t\t\t<\/div>\n\t\t\t\t<\/div>\n\t\t\t\t<div class=\"elementor-element elementor-element-487bb6e elementor-widget elementor-widget-text-editor\" data-id=\"487bb6e\" data-element_type=\"widget\" data-e-type=\"widget\" data-widget_type=\"text-editor.default\">\n\t\t\t\t<div class=\"elementor-widget-container\">\n\t\t\t\t\t\t\t\t\t<p>Con la ayuda de nuestros mejores pilotos, que cuentan con muchos a\u00f1os de experiencia, ofrecemos a los principiantes y a los reci\u00e9n llegados al circuito la primera sesi\u00f3n para los grupos A y B de forma gratuita, para que puedan conocer la pista bajo supervisi\u00f3n.<\/p><p>Proporcionamos a los principiantes un instructor si lo solicitan. Se puede reservar una sesi\u00f3n durante el evento desde 60 EUR (entrenamiento individual desde 100 EUR). Para los participantes experimentados, tambi\u00e9n podemos encontrar una soluci\u00f3n para lograr tiempos de vuelta m\u00e1s r\u00e1pidos con un instructor experimentado si se solicita con antelaci\u00f3n.  <\/p>\t\t\t\t\t\t\t\t<\/div>\n\t\t\t\t<\/div>\n\t\t\t\t<\/div>\n\t\t\t\t<div class=\"elementor-element elementor-element-d83124a elementor-widget elementor-widget-image\" data-id=\"d83124a\" data-element_type=\"widget\" data-e-type=\"widget\" data-widget_type=\"image.default\">\n\t\t\t\t<div class=\"elementor-widget-container\">\n\t\t\t\t\t\t\t\t\t\t\t\t\t\t\t<img decoding=\"async\" width=\"800\" height=\"529\" src=\"https:\/\/www.rehmracedays.com\/wp-content\/uploads\/2025\/04\/SCHOOL--1024x677.png\" class=\"attachment-large size-large wp-image-5858\" alt=\"\" srcset=\"https:\/\/www.rehmracedays.com\/wp-content\/uploads\/2025\/04\/SCHOOL--1024x677.png 1024w, https:\/\/www.rehmracedays.com\/wp-content\/uploads\/2025\/04\/SCHOOL--300x198.png 300w, https:\/\/www.rehmracedays.com\/wp-content\/uploads\/2025\/04\/SCHOOL--768x508.png 768w, https:\/\/www.rehmracedays.com\/wp-content\/uploads\/2025\/04\/SCHOOL--600x397.png 600w, https:\/\/www.rehmracedays.com\/wp-content\/uploads\/2025\/04\/SCHOOL-.png 1342w\" sizes=\"(max-width: 800px) 100vw, 800px\" \/>\t\t\t\t\t\t\t\t\t\t\t\t\t\t\t<\/div>\n\t\t\t\t<\/div>\n\t\t\t\t<\/div>\n\t\t<div class=\"elementor-element elementor-element-910e1c0 e-con-full e-flex e-con e-child\" data-id=\"910e1c0\" data-element_type=\"container\" data-e-type=\"container\">\n\t\t\t\t<div class=\"elementor-element elementor-element-72bc407 elementor-widget elementor-widget-text-editor\" data-id=\"72bc407\" data-element_type=\"widget\" data-e-type=\"widget\" data-widget_type=\"text-editor.default\">\n\t\t\t\t<div class=\"elementor-widget-container\">\n\t\t\t\t\t\t\t\t\t<h1>Profesional<\/h1>\t\t\t\t\t\t\t\t<\/div>\n\t\t\t\t<\/div>\n\t\t\t\t<div class=\"elementor-element elementor-element-27f3138 elementor-widget elementor-widget-text-editor\" data-id=\"27f3138\" data-element_type=\"widget\" data-e-type=\"widget\" data-widget_type=\"text-editor.default\">\n\t\t\t\t<div class=\"elementor-widget-container\">\n\t\t\t\t\t\t\t\t\t<p>Para participantes experimentados, con entrenadores con experiencia en campeonatos del mundo para lograr tiempos de vuelta m\u00e1s r\u00e1pidos.<\/p><ol><li>Teor\u00eda\/Conceptos b\u00e1sicos: posici\u00f3n de asiento, distribuci\u00f3n del peso, control ocular; ajustes de la suspensi\u00f3n y entrenamiento con c\u00e1mara (grabaci\u00f3n desde la parte delantera y trasera y posterior evaluaci\u00f3n para identificar errores e implementar consejos y sugerencias de mejora en las siguientes vueltas).<\/li><li>Al reservar el paquete de instrucci\u00f3n profesional, se incluye una plaza en un box compartido.<\/li><li>Precios m\u00e1s entradas al evento &#8211; 1 d\u00eda con tu propia moto: <\/li><\/ol>\t\t\t\t\t\t\t\t<\/div>\n\t\t\t\t<\/div>\n\t\t\t\t<div class=\"elementor-element elementor-element-92bfb68 elementor-widget elementor-widget-spacer\" data-id=\"92bfb68\" data-element_type=\"widget\" data-e-type=\"widget\" data-widget_type=\"spacer.default\">\n\t\t\t\t<div class=\"elementor-widget-container\">\n\t\t\t\t\t\t\t<div class=\"elementor-spacer\">\n\t\t\t<div class=\"elementor-spacer-inner\"><\/div>\n\t\t<\/div>\n\t\t\t\t\t\t<\/div>\n\t\t\t\t<\/div>\n\t\t\t\t<div class=\"elementor-element elementor-element-6f018c7 elementor-widget elementor-widget-html\" data-id=\"6f018c7\" data-element_type=\"widget\" data-e-type=\"widget\" data-widget_type=\"html.default\">\n\t\t\t\t<div class=\"elementor-widget-container\">\n\t\t\t\t\t<table class=\"contenttable custom_table\"> \n<thead> \n    <tr> \n    \t<th scope=\"col\">\n    \t\t<p>Instrucci\u00f3n Profesional<\/p>\n    \t<\/th>\n    \t<th scope=\"col\">\n    \t\t<p>1 d\u00eda \/ piloto<\/p>\n    \t<\/th>\n    \t<th scope=\"col\">\n    \t\t<p> 2 d\u00edas \/ piloto <\/p>\n    \t<\/th>\n            <\/th>\n    \t<th scope=\"col\">\n    \t\t<p>3 d\u00edas \/ piloto<\/p>\n    \t    <\/tr>\n<\/thead>\n<tbody> \n\t<tr> \n\t\t<td>\n\t\t\t<p>Instrucci\u00f3n en grupo 4 pilotos <\/p>\n\t\t<\/td>\n\t\t<td>\n\t\t\t<p>450,00<\/p>\n\t\t<\/td>\n\t\t<td>\n\t\t\t<p>780,00\u20ac<\/p>\n\t\t<\/td>\n\t\t<td>\n\t\t\t<p>1000,00\u20ac<\/p>\n\t\t<\/td>\n\t<tr>\n\t    <td>\n\t\t\t<p>Instrucci\u00f3n en grupo 3 pilotos<\/p>\n\t\t<\/td>\n\t\t<td>\n\t\t\t<p>575,00\u20ac<\/p>\n\t\t<\/td>\n\t\t<td>\n\t\t\t<p>995,00\u20ac<\/p>\n\t\t<\/td>\n\t\t <td>\n\t\t\t<p>1275,00\u20ac<\/p>\n\t\t<\/td>\n\t\t <\/tr>\n\t<tr> \n\t\t<td>\n\t\t\t<p>Instrucci\u00f3n en grupo 2 pilotos <\/p>\n\t\t<\/td>\n\t\t<td>\n\t\t\t<p>825,00\u20ac<\/p>\n\t\t<\/td>\n\t\t<td>\n\t\t\t<p>1435,00\u20ac<\/p>\n\t\t<\/td>\n\t\t <td>\n\t\t\t<p>1835,00\u20ac<\/p>\n\t\t<\/td>\n\t<tr>\n\t    <td>\n\t\t\t<p>Instrucci\u00f3n individual<\/p>\n\t\t<\/td>\n\t\t<td>\n\t\t\t<p>1600,00\u20ac<\/p>\n\t\t<\/td>\n\t\t<td>\n\t\t\t<p>2775,00\u20ac<\/p>\n\t\t<\/td>\n\t\t <td>\n\t\t\t<p>3555,00\u20ac<\/p>\n\t\t<\/td>\n\t\t <\/tr>\n\t\t\t <\/tbody>\n <\/table>\t\t\t\t<\/div>\n\t\t\t\t<\/div>\n\t\t\t\t<\/div>\n\t\t\t\t<\/div>\n\t\t\t\t\t<\/div>\n\t\t\t\t<\/div>\n\t\t<div class=\"elementor-element elementor-element-c55f8b0 e-flex e-con-boxed e-con e-parent\" data-id=\"c55f8b0\" data-element_type=\"container\" data-e-type=\"container\">\n\t\t\t\t\t<div class=\"e-con-inner\">\n\t\t<div class=\"elementor-element elementor-element-a690f85 e-con-full e-flex e-con e-child\" data-id=\"a690f85\" data-element_type=\"container\" data-e-type=\"container\">\n\t\t\t\t<div class=\"elementor-element elementor-element-2ca43ad elementor-widget__width-inherit elementor-button-align-stretch elementor-widget elementor-widget-form\" data-id=\"2ca43ad\" data-element_type=\"widget\" data-e-type=\"widget\" data-settings=\"{&quot;step_next_label&quot;:&quot;Siguiente&quot;,&quot;step_previous_label&quot;:&quot;Anterior&quot;,&quot;button_width&quot;:&quot;100&quot;,&quot;step_type&quot;:&quot;number_text&quot;,&quot;step_icon_shape&quot;:&quot;circle&quot;}\" data-widget_type=\"form.default\">\n\t\t\t\t<div class=\"elementor-widget-container\">\n\t\t\t\t\t\t\t<form class=\"elementor-form\" method=\"post\" name=\"Nuevo formulario\" aria-label=\"Nuevo formulario\">\n\t\t\t<input type=\"hidden\" name=\"post_id\" value=\"5070\"\/>\n\t\t\t<input type=\"hidden\" name=\"form_id\" value=\"2ca43ad\"\/>\n\t\t\t<input type=\"hidden\" name=\"referer_title\" value=\"RACE SCHOOL - Rehm Race Days\" \/>\n\n\t\t\t\t\t\t\t<input type=\"hidden\" name=\"queried_id\" value=\"5070\"\/>\n\t\t\t\n\t\t\t<div class=\"elementor-form-fields-wrapper elementor-labels-above\">\n\t\t\t\t\t\t\t\t<div class=\"elementor-field-type-text elementor-field-group elementor-column elementor-field-group-name elementor-col-100\">\n\t\t\t\t\t\t\t\t\t\t\t\t<label for=\"form-field-name\" class=\"elementor-field-label\">\n\t\t\t\t\t\t\t\tNombre\t\t\t\t\t\t\t<\/label>\n\t\t\t\t\t\t\t\t\t\t\t\t\t\t<input size=\"1\" type=\"text\" name=\"form_fields[name]\" id=\"form-field-name\" class=\"elementor-field elementor-size-sm  elementor-field-textual\" placeholder=\"Nombre\">\n\t\t\t\t\t\t\t\t\t\t\t<\/div>\n\t\t\t\t\t\t\t\t<div class=\"elementor-field-type-email elementor-field-group elementor-column elementor-field-group-email elementor-col-100 elementor-field-required\">\n\t\t\t\t\t\t\t\t\t\t\t\t<label for=\"form-field-email\" class=\"elementor-field-label\">\n\t\t\t\t\t\t\t\tCorreo electr\u00f3nico\t\t\t\t\t\t\t<\/label>\n\t\t\t\t\t\t\t\t\t\t\t\t\t\t<input size=\"1\" type=\"email\" name=\"form_fields[email]\" id=\"form-field-email\" class=\"elementor-field elementor-size-sm  elementor-field-textual\" placeholder=\"Correo electr\u00f3nico\" required=\"required\">\n\t\t\t\t\t\t\t\t\t\t\t<\/div>\n\t\t\t\t\t\t\t\t<div class=\"elementor-field-type-textarea elementor-field-group elementor-column elementor-field-group-message elementor-col-100\">\n\t\t\t\t\t\t\t\t\t\t\t\t<label for=\"form-field-message\" class=\"elementor-field-label\">\n\t\t\t\t\t\t\t\tMensaje\t\t\t\t\t\t\t<\/label>\n\t\t\t\t\t\t<textarea class=\"elementor-field-textual elementor-field  elementor-size-sm\" name=\"form_fields[message]\" id=\"form-field-message\" rows=\"4\" placeholder=\"Mensaje\"><\/textarea>\t\t\t\t<\/div>\n\t\t\t\t\t\t\t\t<div class=\"elementor-field-group elementor-column elementor-field-type-submit elementor-col-100 e-form__buttons\">\n\t\t\t\t\t<button class=\"elementor-button elementor-size-sm\" type=\"submit\">\n\t\t\t\t\t\t<span class=\"elementor-button-content-wrapper\">\n\t\t\t\t\t\t\t\t\t\t\t\t\t\t\t\t\t\t\t\t\t\t<span class=\"elementor-button-text\">Env\u00eda<\/span>\n\t\t\t\t\t\t\t\t\t\t\t\t\t<\/span>\n\t\t\t\t\t<\/button>\n\t\t\t\t<\/div>\n\t\t\t<\/div>\n\t\t<\/form>\n\t\t\t\t\t\t<\/div>\n\t\t\t\t<\/div>\n\t\t\t\t<\/div>\n\t\t\t\t\t<\/div>\n\t\t\t\t<\/div>\n\t\t<div class=\"elementor-element elementor-element-be532e0 e-flex e-con-boxed e-con e-parent\" data-id=\"be532e0\" data-element_type=\"container\" data-e-type=\"container\">\n\t\t\t\t\t<div class=\"e-con-inner\">\n\t\t\t\t<div class=\"elementor-element elementor-element-5aa8ff9 elementor-widget elementor-widget-spacer\" data-id=\"5aa8ff9\" data-element_type=\"widget\" data-e-type=\"widget\" data-widget_type=\"spacer.default\">\n\t\t\t\t<div class=\"elementor-widget-container\">\n\t\t\t\t\t\t\t<div class=\"elementor-spacer\">\n\t\t\t<div class=\"elementor-spacer-inner\"><\/div>\n\t\t<\/div>\n\t\t\t\t\t\t<\/div>\n\t\t\t\t<\/div>\n\t\t\t\t\t<\/div>\n\t\t\t\t<\/div>\n\t\t\t\t<\/div>\n\t\t","protected":false},"excerpt":{"rendered":"<p>Principiantes Con la ayuda de nuestros mejores pilotos, que cuentan con muchos a\u00f1os de experiencia, ofrecemos a los principiantes y a los reci\u00e9n llegados al circuito la primera sesi\u00f3n para los grupos A y B de forma gratuita, para que puedan conocer la pista bajo supervisi\u00f3n. Proporcionamos a los principiantes un instructor si lo solicitan. [&hellip;]<\/p>\n","protected":false},"author":12348,"featured_media":0,"parent":0,"menu_order":2,"comment_status":"closed","ping_status":"closed","template":"","meta":{"postBodyCss":"","postBodyMargin":[],"postBodyPadding":[],"postBodyBackground":{"backgroundType":"classic","gradient":""},"footnotes":""},"class_list":["post-5070","page","type-page","status-publish","hentry"],"yoast_head":"<!-- This site is optimized with the Yoast SEO plugin v27.0 - https:\/\/yoast.com\/product\/yoast-seo-wordpress\/ -->\n<title>RACE SCHOOL - Rehm Race Days<\/title>\n<meta name=\"robots\" content=\"index, follow, max-snippet:-1, max-image-preview:large, max-video-preview:-1\" \/>\n<link rel=\"canonical\" href=\"https:\/\/www.rehmracedays.com\/es\/race-school\/\" \/>\n<meta property=\"og:locale\" content=\"es_ES\" \/>\n<meta property=\"og:type\" content=\"article\" \/>\n<meta property=\"og:title\" content=\"RACE SCHOOL - Rehm Race Days\" \/>\n<meta property=\"og:description\" content=\"Principiantes Con la ayuda de nuestros mejores pilotos, que cuentan con muchos a\u00f1os de experiencia, ofrecemos a los principiantes y a los reci\u00e9n llegados al circuito la primera sesi\u00f3n para los grupos A y B de forma gratuita, para que puedan conocer la pista bajo supervisi\u00f3n. Proporcionamos a los principiantes un instructor si lo solicitan. [&hellip;]\" \/>\n<meta property=\"og:url\" content=\"https:\/\/www.rehmracedays.com\/es\/race-school\/\" \/>\n<meta property=\"og:site_name\" content=\"Rehm Race Days\" \/>\n<meta property=\"article:modified_time\" content=\"2025-04-07T08:24:35+00:00\" \/>\n<meta property=\"og:image\" content=\"https:\/\/www.rehmracedays.com\/wp-content\/uploads\/2025\/03\/RehmRaceSchool-1024x284.png\" \/>\n<meta name=\"twitter:card\" content=\"summary_large_image\" \/>\n<meta name=\"twitter:label1\" content=\"Tiempo de lectura\" \/>\n\t<meta name=\"twitter:data1\" content=\"1 minuto\" \/>\n<script type=\"application\/ld+json\" class=\"yoast-schema-graph\">{\"@context\":\"https:\/\/schema.org\",\"@graph\":[{\"@type\":\"WebPage\",\"@id\":\"https:\/\/www.rehmracedays.com\/es\/race-school\/\",\"url\":\"https:\/\/www.rehmracedays.com\/es\/race-school\/\",\"name\":\"RACE SCHOOL - Rehm Race Days\",\"isPartOf\":{\"@id\":\"https:\/\/www.rehmracedays.com\/es\/#website\"},\"primaryImageOfPage\":{\"@id\":\"https:\/\/www.rehmracedays.com\/es\/race-school\/#primaryimage\"},\"image\":{\"@id\":\"https:\/\/www.rehmracedays.com\/es\/race-school\/#primaryimage\"},\"thumbnailUrl\":\"https:\/\/www.rehmracedays.com\/wp-content\/uploads\/2025\/03\/RehmRaceSchool-1024x284.png\",\"datePublished\":\"2025-03-26T09:34:05+00:00\",\"dateModified\":\"2025-04-07T08:24:35+00:00\",\"breadcrumb\":{\"@id\":\"https:\/\/www.rehmracedays.com\/es\/race-school\/#breadcrumb\"},\"inLanguage\":\"es\",\"potentialAction\":[{\"@type\":\"ReadAction\",\"target\":[\"https:\/\/www.rehmracedays.com\/es\/race-school\/\"]}]},{\"@type\":\"ImageObject\",\"inLanguage\":\"es\",\"@id\":\"https:\/\/www.rehmracedays.com\/es\/race-school\/#primaryimage\",\"url\":\"https:\/\/www.rehmracedays.com\/wp-content\/uploads\/2025\/03\/RehmRaceSchool-1024x284.png\",\"contentUrl\":\"https:\/\/www.rehmracedays.com\/wp-content\/uploads\/2025\/03\/RehmRaceSchool-1024x284.png\"},{\"@type\":\"BreadcrumbList\",\"@id\":\"https:\/\/www.rehmracedays.com\/es\/race-school\/#breadcrumb\",\"itemListElement\":[{\"@type\":\"ListItem\",\"position\":1,\"name\":\"Startseite\",\"item\":\"https:\/\/www.rehmracedays.com\/es\/\"},{\"@type\":\"ListItem\",\"position\":2,\"name\":\"RACE SCHOOL\"}]},{\"@type\":\"WebSite\",\"@id\":\"https:\/\/www.rehmracedays.com\/es\/#website\",\"url\":\"https:\/\/www.rehmracedays.com\/es\/\",\"name\":\"Rehm Race Days\",\"description\":\"Motorrad auf der Rennstrecke fahren\",\"publisher\":{\"@id\":\"https:\/\/www.rehmracedays.com\/es\/#organization\"},\"potentialAction\":[{\"@type\":\"SearchAction\",\"target\":{\"@type\":\"EntryPoint\",\"urlTemplate\":\"https:\/\/www.rehmracedays.com\/es\/?s={search_term_string}\"},\"query-input\":{\"@type\":\"PropertyValueSpecification\",\"valueRequired\":true,\"valueName\":\"search_term_string\"}}],\"inLanguage\":\"es\"},{\"@type\":\"Organization\",\"@id\":\"https:\/\/www.rehmracedays.com\/es\/#organization\",\"name\":\"Rehm Race Days\",\"url\":\"https:\/\/www.rehmracedays.com\/es\/\",\"logo\":{\"@type\":\"ImageObject\",\"inLanguage\":\"es\",\"@id\":\"https:\/\/www.rehmracedays.com\/es\/#\/schema\/logo\/image\/\",\"url\":\"https:\/\/www.rehmracedays.com\/wp-content\/uploads\/2024\/11\/logorehm.png\",\"contentUrl\":\"https:\/\/www.rehmracedays.com\/wp-content\/uploads\/2024\/11\/logorehm.png\",\"width\":304,\"height\":79,\"caption\":\"Rehm Race Days\"},\"image\":{\"@id\":\"https:\/\/www.rehmracedays.com\/es\/#\/schema\/logo\/image\/\"}}]}<\/script>\n<!-- \/ Yoast SEO plugin. -->","yoast_head_json":{"title":"RACE SCHOOL - Rehm Race Days","robots":{"index":"index","follow":"follow","max-snippet":"max-snippet:-1","max-image-preview":"max-image-preview:large","max-video-preview":"max-video-preview:-1"},"canonical":"https:\/\/www.rehmracedays.com\/es\/race-school\/","og_locale":"es_ES","og_type":"article","og_title":"RACE SCHOOL - Rehm Race Days","og_description":"Principiantes Con la ayuda de nuestros mejores pilotos, que cuentan con muchos a\u00f1os de experiencia, ofrecemos a los principiantes y a los reci\u00e9n llegados al circuito la primera sesi\u00f3n para los grupos A y B de forma gratuita, para que puedan conocer la pista bajo supervisi\u00f3n. Proporcionamos a los principiantes un instructor si lo solicitan. [&hellip;]","og_url":"https:\/\/www.rehmracedays.com\/es\/race-school\/","og_site_name":"Rehm Race Days","article_modified_time":"2025-04-07T08:24:35+00:00","og_image":[{"url":"https:\/\/www.rehmracedays.com\/wp-content\/uploads\/2025\/03\/RehmRaceSchool-1024x284.png","type":"","width":"","height":""}],"twitter_card":"summary_large_image","twitter_misc":{"Tiempo de lectura":"1 minuto"},"schema":{"@context":"https:\/\/schema.org","@graph":[{"@type":"WebPage","@id":"https:\/\/www.rehmracedays.com\/es\/race-school\/","url":"https:\/\/www.rehmracedays.com\/es\/race-school\/","name":"RACE SCHOOL - Rehm Race Days","isPartOf":{"@id":"https:\/\/www.rehmracedays.com\/es\/#website"},"primaryImageOfPage":{"@id":"https:\/\/www.rehmracedays.com\/es\/race-school\/#primaryimage"},"image":{"@id":"https:\/\/www.rehmracedays.com\/es\/race-school\/#primaryimage"},"thumbnailUrl":"https:\/\/www.rehmracedays.com\/wp-content\/uploads\/2025\/03\/RehmRaceSchool-1024x284.png","datePublished":"2025-03-26T09:34:05+00:00","dateModified":"2025-04-07T08:24:35+00:00","breadcrumb":{"@id":"https:\/\/www.rehmracedays.com\/es\/race-school\/#breadcrumb"},"inLanguage":"es","potentialAction":[{"@type":"ReadAction","target":["https:\/\/www.rehmracedays.com\/es\/race-school\/"]}]},{"@type":"ImageObject","inLanguage":"es","@id":"https:\/\/www.rehmracedays.com\/es\/race-school\/#primaryimage","url":"https:\/\/www.rehmracedays.com\/wp-content\/uploads\/2025\/03\/RehmRaceSchool-1024x284.png","contentUrl":"https:\/\/www.rehmracedays.com\/wp-content\/uploads\/2025\/03\/RehmRaceSchool-1024x284.png"},{"@type":"BreadcrumbList","@id":"https:\/\/www.rehmracedays.com\/es\/race-school\/#breadcrumb","itemListElement":[{"@type":"ListItem","position":1,"name":"Startseite","item":"https:\/\/www.rehmracedays.com\/es\/"},{"@type":"ListItem","position":2,"name":"RACE SCHOOL"}]},{"@type":"WebSite","@id":"https:\/\/www.rehmracedays.com\/es\/#website","url":"https:\/\/www.rehmracedays.com\/es\/","name":"Rehm Race Days","description":"Motorrad auf der Rennstrecke fahren","publisher":{"@id":"https:\/\/www.rehmracedays.com\/es\/#organization"},"potentialAction":[{"@type":"SearchAction","target":{"@type":"EntryPoint","urlTemplate":"https:\/\/www.rehmracedays.com\/es\/?s={search_term_string}"},"query-input":{"@type":"PropertyValueSpecification","valueRequired":true,"valueName":"search_term_string"}}],"inLanguage":"es"},{"@type":"Organization","@id":"https:\/\/www.rehmracedays.com\/es\/#organization","name":"Rehm Race Days","url":"https:\/\/www.rehmracedays.com\/es\/","logo":{"@type":"ImageObject","inLanguage":"es","@id":"https:\/\/www.rehmracedays.com\/es\/#\/schema\/logo\/image\/","url":"https:\/\/www.rehmracedays.com\/wp-content\/uploads\/2024\/11\/logorehm.png","contentUrl":"https:\/\/www.rehmracedays.com\/wp-content\/uploads\/2024\/11\/logorehm.png","width":304,"height":79,"caption":"Rehm Race Days"},"image":{"@id":"https:\/\/www.rehmracedays.com\/es\/#\/schema\/logo\/image\/"}}]}},"meta_box":[],"_links":{"self":[{"href":"https:\/\/www.rehmracedays.com\/es\/wp-json\/wp\/v2\/pages\/5070","targetHints":{"allow":["GET"]}}],"collection":[{"href":"https:\/\/www.rehmracedays.com\/es\/wp-json\/wp\/v2\/pages"}],"about":[{"href":"https:\/\/www.rehmracedays.com\/es\/wp-json\/wp\/v2\/types\/page"}],"author":[{"embeddable":true,"href":"https:\/\/www.rehmracedays.com\/es\/wp-json\/wp\/v2\/users\/12348"}],"replies":[{"embeddable":true,"href":"https:\/\/www.rehmracedays.com\/es\/wp-json\/wp\/v2\/comments?post=5070"}],"version-history":[{"count":0,"href":"https:\/\/www.rehmracedays.com\/es\/wp-json\/wp\/v2\/pages\/5070\/revisions"}],"wp:attachment":[{"href":"https:\/\/www.rehmracedays.com\/es\/wp-json\/wp\/v2\/media?parent=5070"}],"curies":[{"name":"wp","href":"https:\/\/api.w.org\/{rel}","templated":true}]}}