{"id":4587,"date":"2024-11-07T08:10:08","date_gmt":"2024-11-07T08:10:08","guid":{"rendered":"https:\/\/booking.rehmracedays.de\/modes-de-paiement\/"},"modified":"2024-11-07T08:10:08","modified_gmt":"2024-11-07T08:10:08","slug":"modes-de-paiement","status":"publish","type":"page","link":"https:\/\/www.rehmracedays.com\/fr\/modes-de-paiement\/","title":{"rendered":"Modes de Paiement"},"content":{"rendered":"<div class=\"woocommerce woocommerce-gzd\">\n\t<ul class=\"payment_methods methods\">\n\t\t\t\t\t<li class=\"payment_method_woocommerce_payments_apple_pay\">\n\t\t\t\t<label>Apple Pay<img decoding=\"async\" src=\"https:\/\/www.rehmracedays.com\/wp-content\/plugins\/woocommerce-payments\/assets\/images\/cards\/apple-pay.svg\" alt=\"Apple Pay\" \/><\/label>\n\t\t\t\t\t\t\t\t\t<div class=\"payment_box payment_method_woocommerce_payments_apple_pay\">\n\t\t\t\t\t\t<p><\/p>\n\t\t\t\t\t<\/div>\n\t\t\t\t\t\t\t<\/li>\n\t\t\t\t\t<li class=\"payment_method_woocommerce_payments_google_pay\">\n\t\t\t\t<label>Google Pay<img decoding=\"async\" src=\"https:\/\/www.rehmracedays.com\/wp-content\/plugins\/woocommerce-payments\/assets\/images\/cards\/google-pay.svg\" alt=\"Google Pay\" \/><\/label>\n\t\t\t\t\t\t\t\t\t<div class=\"payment_box payment_method_woocommerce_payments_google_pay\">\n\t\t\t\t\t\t<p><\/p>\n\t\t\t\t\t<\/div>\n\t\t\t\t\t\t\t<\/li>\n\t\t\t\t\t<li class=\"payment_method_bacs\">\n\t\t\t\t<label>Virement bancaire direct \/ Encaissement de la Premium\/Ladies Card <\/label>\n\t\t\t\t\t\t\t\t\t<div class=\"payment_box payment_method_bacs\">\n\t\t\t\t\t\t<p>Vire directement \u00e0 notre compte bancaire. Merci d'utiliser le num\u00e9ro de commande comme motif de paiement. Ta commande ne sera envoy\u00e9e qu'apr\u00e8s r\u00e9ception de l'argent sur notre compte.\nCoordonn\u00e9es bancaires\nBanque Donau-Iller eG\nN\u00b0 I-BAN : DE79 6309 1010 0611 9230 09\nSWIFT\/BIC. : GENODES1EHI\n\nRehm race days GmbH\nWachau 6\nD-89584 Ehingen<\/p>\n\t\t\t\t\t<\/div>\n\t\t\t\t\t\t\t<\/li>\n\t\t\t\t\t<li class=\"payment_method_sumup\">\n\t\t\t\t<label>Payer avec SumUp (carte de cr\u00e9dit)<\/label>\n\t\t\t\t\t\t\t\t\t<div class=\"payment_box payment_method_sumup\">\n\t\t\t\t\t\t<p>Vous pouvez choisir comment vous souhaitez payer apr\u00e8s avoir pass\u00e9 votre commande.<\/p>\n\t\t\t\t\t<\/div>\n\t\t\t\t\t\t\t<\/li>\n\t\t\t\t\t<li class=\"payment_method_wallet\">\n\t\t\t\t<label>Guthabenkonto verwenden | Current Balance: <strong><span class=\"woocommerce-Price-amount amount\">0,00&nbsp;<span class=\"woocommerce-Price-currencySymbol\">&euro;<\/span><\/span><\/strong><\/label>\n\t\t\t\t\t\t\t\t\t<div class=\"payment_box payment_method_wallet\">\n\t\t\t\t\t\t<p>Zahle mit deinem Guthaben<\/p>\n\t\t\t\t\t<\/div>\n\t\t\t\t\t\t\t<\/li>\n\t\t\t<\/ul>\n<\/div>\n","protected":false},"excerpt":{"rendered":"","protected":false},"author":1,"featured_media":0,"parent":0,"menu_order":0,"comment_status":"closed","ping_status":"closed","template":"","meta":{"postBodyCss":"","postBodyMargin":[],"postBodyPadding":[],"postBodyBackground":{"backgroundType":"classic","gradient":""},"footnotes":""},"class_list":["post-4587","page","type-page","status-publish","hentry"],"yoast_head":"<!-- This site is optimized with the Yoast SEO plugin v27.0 - https:\/\/yoast.com\/product\/yoast-seo-wordpress\/ -->\n<title>Modes de Paiement - Rehm Race Days<\/title>\n<meta name=\"robots\" content=\"index, follow, max-snippet:-1, max-image-preview:large, max-video-preview:-1\" \/>\n<link rel=\"canonical\" href=\"https:\/\/www.rehmracedays.com\/fr\/modes-de-paiement\/\" \/>\n<meta property=\"og:locale\" content=\"fr_FR\" \/>\n<meta property=\"og:type\" content=\"article\" \/>\n<meta property=\"og:title\" content=\"Modes de Paiement - Rehm Race Days\" \/>\n<meta property=\"og:url\" content=\"https:\/\/www.rehmracedays.com\/fr\/modes-de-paiement\/\" \/>\n<meta property=\"og:site_name\" content=\"Rehm Race Days\" \/>\n<meta name=\"twitter:card\" content=\"summary_large_image\" \/>\n<script type=\"application\/ld+json\" class=\"yoast-schema-graph\">{\"@context\":\"https:\/\/schema.org\",\"@graph\":[{\"@type\":\"WebPage\",\"@id\":\"https:\/\/www.rehmracedays.com\/fr\/modes-de-paiement\/\",\"url\":\"https:\/\/www.rehmracedays.com\/fr\/modes-de-paiement\/\",\"name\":\"Modes de Paiement - Rehm Race Days\",\"isPartOf\":{\"@id\":\"https:\/\/www.rehmracedays.com\/fr\/#website\"},\"datePublished\":\"2024-11-07T08:10:08+00:00\",\"breadcrumb\":{\"@id\":\"https:\/\/www.rehmracedays.com\/fr\/modes-de-paiement\/#breadcrumb\"},\"inLanguage\":\"fr-FR\",\"potentialAction\":[{\"@type\":\"ReadAction\",\"target\":[\"https:\/\/www.rehmracedays.com\/fr\/modes-de-paiement\/\"]}]},{\"@type\":\"BreadcrumbList\",\"@id\":\"https:\/\/www.rehmracedays.com\/fr\/modes-de-paiement\/#breadcrumb\",\"itemListElement\":[{\"@type\":\"ListItem\",\"position\":1,\"name\":\"Startseite\",\"item\":\"https:\/\/www.rehmracedays.com\/fr\/\"},{\"@type\":\"ListItem\",\"position\":2,\"name\":\"Modes de Paiement\"}]},{\"@type\":\"WebSite\",\"@id\":\"https:\/\/www.rehmracedays.com\/fr\/#website\",\"url\":\"https:\/\/www.rehmracedays.com\/fr\/\",\"name\":\"Rehm Race Days\",\"description\":\"Motorrad auf der Rennstrecke fahren\",\"publisher\":{\"@id\":\"https:\/\/www.rehmracedays.com\/fr\/#organization\"},\"potentialAction\":[{\"@type\":\"SearchAction\",\"target\":{\"@type\":\"EntryPoint\",\"urlTemplate\":\"https:\/\/www.rehmracedays.com\/fr\/?s={search_term_string}\"},\"query-input\":{\"@type\":\"PropertyValueSpecification\",\"valueRequired\":true,\"valueName\":\"search_term_string\"}}],\"inLanguage\":\"fr-FR\"},{\"@type\":\"Organization\",\"@id\":\"https:\/\/www.rehmracedays.com\/fr\/#organization\",\"name\":\"Rehm Race Days\",\"url\":\"https:\/\/www.rehmracedays.com\/fr\/\",\"logo\":{\"@type\":\"ImageObject\",\"inLanguage\":\"fr-FR\",\"@id\":\"https:\/\/www.rehmracedays.com\/fr\/#\/schema\/logo\/image\/\",\"url\":\"https:\/\/www.rehmracedays.com\/wp-content\/uploads\/2024\/11\/logorehm.png\",\"contentUrl\":\"https:\/\/www.rehmracedays.com\/wp-content\/uploads\/2024\/11\/logorehm.png\",\"width\":304,\"height\":79,\"caption\":\"Rehm Race Days\"},\"image\":{\"@id\":\"https:\/\/www.rehmracedays.com\/fr\/#\/schema\/logo\/image\/\"}}]}<\/script>\n<!-- \/ Yoast SEO plugin. -->","yoast_head_json":{"title":"Modes de Paiement - Rehm Race Days","robots":{"index":"index","follow":"follow","max-snippet":"max-snippet:-1","max-image-preview":"max-image-preview:large","max-video-preview":"max-video-preview:-1"},"canonical":"https:\/\/www.rehmracedays.com\/fr\/modes-de-paiement\/","og_locale":"fr_FR","og_type":"article","og_title":"Modes de Paiement - Rehm Race Days","og_url":"https:\/\/www.rehmracedays.com\/fr\/modes-de-paiement\/","og_site_name":"Rehm Race Days","twitter_card":"summary_large_image","schema":{"@context":"https:\/\/schema.org","@graph":[{"@type":"WebPage","@id":"https:\/\/www.rehmracedays.com\/fr\/modes-de-paiement\/","url":"https:\/\/www.rehmracedays.com\/fr\/modes-de-paiement\/","name":"Modes de Paiement - Rehm Race Days","isPartOf":{"@id":"https:\/\/www.rehmracedays.com\/fr\/#website"},"datePublished":"2024-11-07T08:10:08+00:00","breadcrumb":{"@id":"https:\/\/www.rehmracedays.com\/fr\/modes-de-paiement\/#breadcrumb"},"inLanguage":"fr-FR","potentialAction":[{"@type":"ReadAction","target":["https:\/\/www.rehmracedays.com\/fr\/modes-de-paiement\/"]}]},{"@type":"BreadcrumbList","@id":"https:\/\/www.rehmracedays.com\/fr\/modes-de-paiement\/#breadcrumb","itemListElement":[{"@type":"ListItem","position":1,"name":"Startseite","item":"https:\/\/www.rehmracedays.com\/fr\/"},{"@type":"ListItem","position":2,"name":"Modes de Paiement"}]},{"@type":"WebSite","@id":"https:\/\/www.rehmracedays.com\/fr\/#website","url":"https:\/\/www.rehmracedays.com\/fr\/","name":"Rehm Race Days","description":"Motorrad auf der Rennstrecke fahren","publisher":{"@id":"https:\/\/www.rehmracedays.com\/fr\/#organization"},"potentialAction":[{"@type":"SearchAction","target":{"@type":"EntryPoint","urlTemplate":"https:\/\/www.rehmracedays.com\/fr\/?s={search_term_string}"},"query-input":{"@type":"PropertyValueSpecification","valueRequired":true,"valueName":"search_term_string"}}],"inLanguage":"fr-FR"},{"@type":"Organization","@id":"https:\/\/www.rehmracedays.com\/fr\/#organization","name":"Rehm Race Days","url":"https:\/\/www.rehmracedays.com\/fr\/","logo":{"@type":"ImageObject","inLanguage":"fr-FR","@id":"https:\/\/www.rehmracedays.com\/fr\/#\/schema\/logo\/image\/","url":"https:\/\/www.rehmracedays.com\/wp-content\/uploads\/2024\/11\/logorehm.png","contentUrl":"https:\/\/www.rehmracedays.com\/wp-content\/uploads\/2024\/11\/logorehm.png","width":304,"height":79,"caption":"Rehm Race Days"},"image":{"@id":"https:\/\/www.rehmracedays.com\/fr\/#\/schema\/logo\/image\/"}}]}},"meta_box":[],"_links":{"self":[{"href":"https:\/\/www.rehmracedays.com\/fr\/wp-json\/wp\/v2\/pages\/4587","targetHints":{"allow":["GET"]}}],"collection":[{"href":"https:\/\/www.rehmracedays.com\/fr\/wp-json\/wp\/v2\/pages"}],"about":[{"href":"https:\/\/www.rehmracedays.com\/fr\/wp-json\/wp\/v2\/types\/page"}],"author":[{"embeddable":true,"href":"https:\/\/www.rehmracedays.com\/fr\/wp-json\/wp\/v2\/users\/1"}],"replies":[{"embeddable":true,"href":"https:\/\/www.rehmracedays.com\/fr\/wp-json\/wp\/v2\/comments?post=4587"}],"version-history":[{"count":0,"href":"https:\/\/www.rehmracedays.com\/fr\/wp-json\/wp\/v2\/pages\/4587\/revisions"}],"wp:attachment":[{"href":"https:\/\/www.rehmracedays.com\/fr\/wp-json\/wp\/v2\/media?parent=4587"}],"curies":[{"name":"wp","href":"https:\/\/api.w.org\/{rel}","templated":true}]}}