{"id":4693,"date":"2024-11-21T16:34:11","date_gmt":"2024-11-21T16:34:11","guid":{"rendered":"https:\/\/booking.rehmracedays.de\/condizioni-generali\/"},"modified":"2025-04-02T11:06:45","modified_gmt":"2025-04-02T11:06:45","slug":"condizioni-generali","status":"publish","type":"page","link":"https:\/\/www.rehmracedays.com\/it\/condizioni-generali\/","title":{"rendered":"Condizioni generali"},"content":{"rendered":"\t\t<div data-elementor-type=\"wp-page\" data-elementor-id=\"4693\" class=\"elementor elementor-4693 elementor-331\" data-elementor-post-type=\"page\">\n\t\t\t\t<div class=\"elementor-element elementor-element-067653c e-con-full e-flex e-con e-parent\" data-id=\"067653c\" data-element_type=\"container\" data-e-type=\"container\">\n\t\t\t\t<div class=\"elementor-element elementor-element-3e9ace9 elementor--h-position-center elementor--v-position-middle elementor-arrows-position-inside elementor-pagination-position-inside elementor-widget elementor-widget-slides\" data-id=\"3e9ace9\" data-element_type=\"widget\" data-e-type=\"widget\" data-settings=\"{&quot;navigation&quot;:&quot;both&quot;,&quot;autoplay&quot;:&quot;yes&quot;,&quot;pause_on_hover&quot;:&quot;yes&quot;,&quot;pause_on_interaction&quot;:&quot;yes&quot;,&quot;autoplay_speed&quot;:5000,&quot;infinite&quot;:&quot;yes&quot;,&quot;transition&quot;:&quot;slide&quot;,&quot;transition_speed&quot;:500}\" data-widget_type=\"slides.default\">\n\t\t\t\t<div class=\"elementor-widget-container\">\n\t\t\t\t\t\t\t\t\t<div class=\"elementor-swiper\">\n\t\t\t\t\t<div class=\"elementor-slides-wrapper elementor-main-swiper swiper\" role=\"region\" aria-roledescription=\"carousel\" aria-label=\"Slider\" dir=\"ltr\" data-animation=\"fadeInUp\">\n\t\t\t\t<div class=\"swiper-wrapper elementor-slides\">\n\t\t\t\t\t\t\t\t\t\t<div class=\"elementor-repeater-item-d1b18c1 swiper-slide\" role=\"group\" aria-roledescription=\"slide\"><div class=\"swiper-slide-bg\" role=\"img\" aria-label=\"foto_snap_shot__20_\"><\/div><div class=\"swiper-slide-inner\" ><div class=\"swiper-slide-contents\"><\/div><\/div><\/div>\t\t\t\t<\/div>\n\t\t\t\t\t\t\t<\/div>\n\t\t\t\t<\/div>\n\t\t\t\t\t\t\t\t<\/div>\n\t\t\t\t<\/div>\n\t\t\t\t<\/div>\n\t\t<div class=\"elementor-element elementor-element-6005b48 e-grid e-con-boxed e-con e-parent\" data-id=\"6005b48\" data-element_type=\"container\" data-e-type=\"container\">\n\t\t\t\t\t<div class=\"e-con-inner\">\n\t\t\t\t<div class=\"elementor-element elementor-element-b78ffdc elementor-widget elementor-widget-text-editor\" data-id=\"b78ffdc\" data-element_type=\"widget\" data-e-type=\"widget\" data-widget_type=\"text-editor.default\">\n\t\t\t\t<div class=\"elementor-widget-container\">\n\t\t\t\t\t\t\t\t\t<h1>CONDIZIONI GENERALI DI CONTRATTO<\/h1>\n\t\t\t\t\t\t\t\t<\/div>\n\t\t\t\t<\/div>\n\t\t\t\t<div class=\"elementor-element elementor-element-bb7308d elementor-widget elementor-widget-image\" data-id=\"bb7308d\" data-element_type=\"widget\" data-e-type=\"widget\" data-widget_type=\"image.default\">\n\t\t\t\t<div class=\"elementor-widget-container\">\n\t\t\t\t\t\t\t\t\t\t\t\t\t\t\t<img decoding=\"async\" width=\"300\" height=\"78\" src=\"https:\/\/www.rehmracedays.com\/wp-content\/uploads\/2024\/11\/Bobbl-300x78.png\" class=\"attachment-medium size-medium wp-image-5516\" alt=\"\" srcset=\"https:\/\/www.rehmracedays.com\/wp-content\/uploads\/2024\/11\/Bobbl-300x78.png 300w, https:\/\/www.rehmracedays.com\/wp-content\/uploads\/2024\/11\/Bobbl-1024x268.png 1024w, https:\/\/www.rehmracedays.com\/wp-content\/uploads\/2024\/11\/Bobbl-768x201.png 768w, https:\/\/www.rehmracedays.com\/wp-content\/uploads\/2024\/11\/Bobbl-1536x401.png 1536w, https:\/\/www.rehmracedays.com\/wp-content\/uploads\/2024\/11\/Bobbl-2048x535.png 2048w, https:\/\/www.rehmracedays.com\/wp-content\/uploads\/2024\/11\/Bobbl-600x157.png 600w\" sizes=\"(max-width: 300px) 100vw, 300px\" \/>\t\t\t\t\t\t\t\t\t\t\t\t\t\t\t<\/div>\n\t\t\t\t<\/div>\n\t\t\t\t\t<\/div>\n\t\t\t\t<\/div>\n\t\t<div class=\"elementor-element elementor-element-b4afbe9 e-flex e-con-boxed e-con e-parent\" data-id=\"b4afbe9\" data-element_type=\"container\" data-e-type=\"container\">\n\t\t\t\t\t<div class=\"e-con-inner\">\n\t\t\t\t<div class=\"elementor-element elementor-element-45d99ff elementor-widget elementor-widget-text-editor\" data-id=\"45d99ff\" data-element_type=\"widget\" data-e-type=\"widget\" data-widget_type=\"text-editor.default\">\n\t\t\t\t<div class=\"elementor-widget-container\">\n\t\t\t\t\t\t\t\t\t<h2>Registrazione <\/h2>\n<p><span style=\"font-size: 16px;\">L&#8217;iscrizione\/prenotazione \u00e8 valida solo se effettuata per iscritto con firma (e-mail\/posta), tramite prenotazione online sul nostro sito web www.rehmracedays.com o da partner verificati per iscritto. L&#8217;iscrizione\/prenotazione \u00e8 valida solo dopo il pagamento completo e la conferma da parte nostra. Il termine ultimo per l&#8217;iscrizione \u00e8 sempre il raggiungimento del numero massimo di partecipanti per evento.  <\/span><\/p>\n<div class=\"row\">\n<div class=\"large-8 large-offset-2 columns\">\n<h2 style=\"font-family: 'Open Sans', sans-serif;\">Boxes \/ Garages<\/h2>\n<div>\n<p>Tutti i box e gli spazi nei box collettivi hanno lo stato &#8220;riservato&#8221; fino a quando l&#8217;assegnazione definitiva non sar\u00e0 confermata in loco dal rispettivo autodromo. Chiediamo la vostra comprensione in caso di riduzioni di capacit\u00e0 a breve termine. <\/p>\n<\/div>\n<h2>Pagamento<\/h2>\n<p>L&#8217;importo della fattura deve essere versato per intero sui nostri conti in Germania subito dopo la prenotazione, oppure deve essere saldato utilizzando un&#8217;altra opzione di pagamento prevista.<\/p>\n<h2>Dimissioni<\/h2>\n<p>Le iscrizioni\/prenotazioni sono sempre vincolanti. In caso di cancellazione fino a 56 giorni prima dell&#8217;evento, verranno trattenuti \u20ac 100,00 della quota di partecipazione. L&#8217;annullamento successivo non \u00e8 possibile a meno che non venga nominato un partecipante sostitutivo. Se non viene nominato un sostituto, la quota di iscrizione verr\u00e0 addebitata come tassa di annullamento. Le cancellazioni possono essere accettate solo per iscritto. Se un evento viene annullato per motivi non imputabili all&#8217;organizzatore (coincidenza, forza maggiore, comprese le condizioni meteorologiche avverse o colpa di terzi), la quota d&#8217;iscrizione viene annullata. Negli altri casi di annullamento da parte degli circuitos, verranno messe a disposizione adeguate date alternative entro un anno con diritti di prenotazione preferenziali in base alle condizioni contrattuali.       <\/p>\n<h2>Responsabilit\u00e0<\/h2>\n<p>La partecipazione agli eventi organizzati da Rehm race days GmbH, di seguito denominata RRD, avviene a rischio e pericolo del partecipante. In qualit\u00e0 di organizzatore, RRD non si assume alcuna responsabilit\u00e0 per l&#8217;esecuzione dell&#8217;evento o per eventuali danni causati dall&#8217;evento, indipendentemente dai motivi legali. Le limitazioni di responsabilit\u00e0 non si applicano alle lesioni fisiche, ai danni alla salute o alla perdita della vita causati da RRD per negligenza grave, dolo o altrimenti imputabili a RRD. Lo stesso vale anche per i rappresentanti legali di RRD o i suoi agenti ausiliari. Inoltre, le limitazioni di responsabilit\u00e0 non si applicano ad altri danni causati da una violazione del dovere per negligenza grave da parte di RRD o da una violazione del dovere per dolo o colpa grave da parte di un rappresentante legale o di un agente ausiliario di RRD. Inoltre, la limitazione di responsabilit\u00e0 non si applica alla responsabilit\u00e0 basata sulla legge sulla responsabilit\u00e0 del prodotto. Ogni partecipante (=TN) \u00e8 l&#8217;unico ed esclusivo responsabile per i danni da lui causati ad altri partecipanti o a terzi. Si fa riferimento all&#8217;esclusione di rischio prevista dalla legge per le gare. Il partecipante \u00e8 inoltre responsabile dei danni a persone e cose causati da terzi che utilizzano il veicolo durante gli eventi. Ogni partecipante \u00e8 responsabile dei danni materiali al proprio veicolo, anche se la responsabilit\u00e0 \u00e8 di terzi. RRD non \u00e8 obbligata a stipulare un&#8217;assicurazione di responsabilit\u00e0 civile.          <\/p>\n<h2>Comportamenti<\/h2>\n<p>I partecipanti (compresi i neofiti del ring) possono utilizzare l&#8217;circuito e prendere parte agli eventi solo dopo aver preso atto delle Condizioni Generali e dell&#8217;esclusione di responsabilit\u00e0, sottoscrivendo le Condizioni Generali di RRD e, se del caso, quelle dei partner contrattuali inclusi. Se i minori desiderano partecipare agli eventi, \u00e8 necessaria una richiesta scritta (e-mail\/posta) e una conferma da parte di RRD; un tutore legale o un firmatario autorizzato deve acconsentire alla partecipazione e firmare le Condizioni generali e le esclusioni e limitazioni di responsabilit\u00e0 in esse contenute. Le regole di comportamento durante gli eventi sono comunicate nel briefing in presenza con partecipazione obbligatoria, la partecipazione \u00e8 verificata all&#8217;ingresso dell&#8217;autodromo. Il mancato rispetto di un punto delle CGC comporta l&#8217;esclusione dalla manifestazione e l&#8217;immediata partenza dal luogo dell&#8217;evento\/campo, senza alcun diritto al rimborso della quota di partecipazione. In questo caso la RRD ha libert\u00e0 di decisione; oltre al regolamento interno del luogo dell&#8217;evento, devono essere rispettati i rappresentanti legali e gli ausiliari della RRD e del gestore dell&#8217;autodromo.     <\/p>\n<h2>Entrata nel circuito<\/h2>\n<p class=\"align-justify\">Quando si entra in pista, non si deve mai attraversarla. \u00c8 necessario segnalare ai piloti in pista con segnali manuali fino alla prima curva, indicando che si sta entrando nel traffico dalla corsia dei box a una velocit\u00e0 adeguata. Anche nella prima curva, si deve rimanere sul lato da cui si proviene dall&#8217;uscita della corsia dei box. La Destra rimane Destra e la Sinistra rimane Sinistra! I partecipanti che attraversano la pista direttamente dopo essere usciti dalla corsia dei box prima della prima curva saranno immediatamente e senza preavviso esclusi dall&#8217;evento per proteggere la sicurezza degli altri partecipanti! Non sono ammesse eccezioni!     <\/p>\n<h2>Segnali di bandiera<\/h2>\n<p class=\"align-justify\">I segnali delle bandiere in pista devono essere rispettati. I piloti che non rispettano i segnali delle bandiere e che di conseguenza mettono in pericolo gli altri saranno esclusi dalla manifestazione! <\/p>\n<h2>Esclusione dei partecipanti<\/h2>\n<p>I partecipanti che con il loro comportamento violano le regole di condotta e di partecipazione o mettono in pericolo altri partecipanti\/terzi o lasciano il proprio veicolo a persone non iscritte saranno esclusi dalla manifestazione con effetto immediato. La quota di partecipazione versata non sar\u00e0 rimborsata, cos\u00ec come i giorni di manifestazione rimanenti o non utilizzati. Nel caso in cui l&#8217;esclusione sia dovuta al fatto che il partecipante permette a terzi di partecipare agli eventi senza autorizzazione o consente a terzi di farlo, dovr\u00e0 essere versata una quota di partecipazione aggiuntiva al RRD. L&#8217;RRD \u00e8 libero di decidere se escludere questi partecipanti dalla partecipazione in modo temporaneo o permanente.   <\/p>\n<h2>Veicoli<\/h2>\n<p>I motocicli saranno sottoposti a controlli a campione all&#8217;ingresso dell&#8217;autodromo. I motocicli non conformi alle seguenti norme di sicurezza e a quelle della rispettiva sede di gara saranno respinti. La mancata riparazione, revisione o adattamento del veicolo comporter\u00e0 l&#8217;esclusione dalla manifestazione con tutte le limitazioni indicate nella sezione &#8220;esclusione dei partecipanti&#8221;. Le moto devono essere in perfette condizioni tecniche. I freni devono essere funzionanti, i tubi della benzina, i tappi dell&#8217;olio e i filtri dell&#8217;olio devono essere assicurati contro lo svitamento e l&#8217;allentamento. Come liquido di raffreddamento \u00e8 ammessa solo l&#8217;acqua (niente antigelo o simili). I fari e gli specchietti devono essere rimossi o mascherati. Ogni pilota \u00e8 responsabile di garantire che il veicolo sia in perfette condizioni; inoltre, si applicano i rispettivi regolamenti del luogo di gara. I veicoli con unit\u00e0 elettroniche necessitano di una richiesta scritta e di un&#8217;autorizzazione (e-mail\/posta) da parte del RRD almeno 6 settimane prima dell&#8217;inizio dell&#8217;evento. I veicoli devono rispettare il limite di volume applicabile al luogo dell&#8217;evento.         <\/p>\n<h2>Piloti \/ Partecipante<\/h2>\n<p>L&#8217;abbigliamento protettivo completo \u00e8 obbligatorio. Casco integrale, tuta protettiva, stivali con protezione per le caviglie, paraschiena, guanti ecc. fanno parte dell&#8217;equipaggiamento del pilota. Il pilota deve essere in buone condizioni fisiche; l&#8217;abuso di alcol, droghe e farmaci comporter\u00e0 l&#8217;immediata esclusione dall&#8217;evento. Il partecipante conosce e accetta le regole dell&#8217;uso della pista (segnali delle bandiere, segnali delle mani prima di entrare nella corsia dei box, ecc.) Il primo e il secondo giorno dell&#8217;evento e in base alle esigenze (si veda il calendario), sono previsti due briefing per i piloti al mattino. \u00c8 obbligatorio partecipare a uno di questi briefing per apprendere o rinfrescare le regole e i regolamenti e per essere informati sulle condizioni e le circostanze particolari della rispettiva sede. Ogni partecipante deve stipulare una copertura assicurativa sufficiente per i seguenti aspetti: responsabilit\u00e0 civile, danni al proprio veicolo, infortuni, spese mediche, invalidit\u00e0, costi di perdita di guadagno in caso di incidente, costi di trasferimento per il partecipante e il veicolo. Ogni partecipante deve essere in possesso di un&#8217;assicurazione sanitaria valida per gli eventi. Per gli eventi all&#8217;estero \u00e8 richiesta un&#8217;ulteriore assicurazione sanitaria estera. Il partecipante lo conferma presentando e firmando il modulo di iscrizione. La RRD si riserva il diritto di addebitare al partecipante le spese sostenute per l&#8217;assistenza medica al di fuori dell&#8217;autodromo (trasporto in ospedale, ecc.). Il primo soccorso in pista \u00e8 incluso nella quota di iscrizione.           <\/p>\n<h2>I nuovi arrivati dell&#8217;circuito<\/h2>\n<p>Per i neofiti del circuito e per coloro che non hanno mai partecipato a un evento RRD, \u00e8 obbligatorio un briefing separato prima di utilizzare il circuito. La guida in pista \u00e8 possibile solo in blocchi di tempo appositamente designati. Inoltre, i neofiti del circuito devono rendersi chiaramente riconoscibili e distinguersi dagli altri partecipanti indossando una maglia gialla (fornita dietro cauzione).  <\/p>\n<h2>Uso di foto\/video\/dati supportati da EDP<\/h2>\n<p>Tutte le foto, i video e le registrazioni audio effettuate durante l&#8217;evento dai fotografi autorizzati o dai sistemi di monitoraggio degli impianti possono essere utilizzati e pubblicati da RRD, dal fotografo autorizzato e dagli circuitos siti web, sui canali dei social media e per scopi pubblicitari generali. Le registrazioni delle telecamere di sicurezza, cos\u00ec come i dati di qualsiasi tipo raccolti, possono essere archiviati ed elaborati con l&#8217;ausilio di sistemi informatici e, se necessario, utilizzati da RRD, dal rispettivo gestore dell&#8217;circuito e\/o dal partner contrattuale per indagare su comportamenti criminali, incidenti, danni e\/o altri episodi analoghi. <\/p>\n<h2>Luogo di giurisdizione<\/h2>\n<p>Le CGV sono tradotte e rese disponibili in diverse lingue. In caso di controversie sull&#8217;interpretazione delle CGV, prevarr\u00e0 la formulazione in lingua tedesca. Le parti convengono che si applicher\u00e0 il diritto tedesco. Il foro competente per tutte le controversie \u00e8 Ulm Donau (Germania).   <\/p>\n<\/div>\n<\/div>\n\t\t\t\t\t\t\t\t<\/div>\n\t\t\t\t<\/div>\n\t\t\t\t\t<\/div>\n\t\t\t\t<\/div>\n\t\t\t\t<\/div>\n\t\t","protected":false},"excerpt":{"rendered":"<p>CONDIZIONI GENERALI DI CONTRATTO Registrazione L&#8217;iscrizione\/prenotazione \u00e8 valida solo se effettuata per iscritto con firma (e-mail\/posta), tramite prenotazione online sul nostro sito web www.rehmracedays.com o da partner verificati per iscritto. L&#8217;iscrizione\/prenotazione \u00e8 valida solo dopo il pagamento completo e la conferma da parte nostra. Il termine ultimo per l&#8217;iscrizione \u00e8 sempre il raggiungimento del numero [&hellip;]<\/p>\n","protected":false},"author":2,"featured_media":0,"parent":0,"menu_order":0,"comment_status":"closed","ping_status":"closed","template":"","meta":{"postBodyCss":"","postBodyMargin":[],"postBodyPadding":[],"postBodyBackground":{"backgroundType":"classic","gradient":""},"footnotes":""},"class_list":["post-4693","page","type-page","status-publish","hentry"],"yoast_head":"<!-- This site is optimized with the Yoast SEO plugin v27.0 - https:\/\/yoast.com\/product\/yoast-seo-wordpress\/ -->\n<title>Condizioni generali - Rehm Race Days<\/title>\n<meta name=\"robots\" content=\"index, follow, max-snippet:-1, max-image-preview:large, max-video-preview:-1\" \/>\n<link rel=\"canonical\" href=\"https:\/\/www.rehmracedays.com\/it\/condizioni-generali\/\" \/>\n<meta property=\"og:locale\" content=\"it_IT\" \/>\n<meta property=\"og:type\" content=\"article\" \/>\n<meta property=\"og:title\" content=\"Condizioni generali - Rehm Race Days\" \/>\n<meta property=\"og:description\" content=\"CONDIZIONI GENERALI DI CONTRATTO Registrazione L&#8217;iscrizione\/prenotazione \u00e8 valida solo se effettuata per iscritto con firma (e-mail\/posta), tramite prenotazione online sul nostro sito web www.rehmracedays.com o da partner verificati per iscritto. L&#8217;iscrizione\/prenotazione \u00e8 valida solo dopo il pagamento completo e la conferma da parte nostra. Il termine ultimo per l&#8217;iscrizione \u00e8 sempre il raggiungimento del numero [&hellip;]\" \/>\n<meta property=\"og:url\" content=\"https:\/\/www.rehmracedays.com\/it\/condizioni-generali\/\" \/>\n<meta property=\"og:site_name\" content=\"Rehm Race Days\" \/>\n<meta property=\"article:modified_time\" content=\"2025-04-02T11:06:45+00:00\" \/>\n<meta property=\"og:image\" content=\"https:\/\/www.rehmracedays.com\/wp-content\/uploads\/2024\/11\/Bobbl-e1743418071419-300x248.png\" \/>\n<meta name=\"twitter:card\" content=\"summary_large_image\" \/>\n<meta name=\"twitter:label1\" content=\"Tempo di lettura stimato\" \/>\n\t<meta name=\"twitter:data1\" content=\"7 minuti\" \/>\n<script type=\"application\/ld+json\" class=\"yoast-schema-graph\">{\"@context\":\"https:\/\/schema.org\",\"@graph\":[{\"@type\":\"WebPage\",\"@id\":\"https:\/\/www.rehmracedays.com\/it\/condizioni-generali\/\",\"url\":\"https:\/\/www.rehmracedays.com\/it\/condizioni-generali\/\",\"name\":\"Condizioni generali - Rehm Race Days\",\"isPartOf\":{\"@id\":\"https:\/\/www.rehmracedays.com\/it\/#website\"},\"primaryImageOfPage\":{\"@id\":\"https:\/\/www.rehmracedays.com\/it\/condizioni-generali\/#primaryimage\"},\"image\":{\"@id\":\"https:\/\/www.rehmracedays.com\/it\/condizioni-generali\/#primaryimage\"},\"thumbnailUrl\":\"https:\/\/www.rehmracedays.com\/wp-content\/uploads\/2024\/11\/Bobbl-e1743418071419-300x248.png\",\"datePublished\":\"2024-11-21T16:34:11+00:00\",\"dateModified\":\"2025-04-02T11:06:45+00:00\",\"breadcrumb\":{\"@id\":\"https:\/\/www.rehmracedays.com\/it\/condizioni-generali\/#breadcrumb\"},\"inLanguage\":\"it-IT\",\"potentialAction\":[{\"@type\":\"ReadAction\",\"target\":[\"https:\/\/www.rehmracedays.com\/it\/condizioni-generali\/\"]}]},{\"@type\":\"ImageObject\",\"inLanguage\":\"it-IT\",\"@id\":\"https:\/\/www.rehmracedays.com\/it\/condizioni-generali\/#primaryimage\",\"url\":\"https:\/\/www.rehmracedays.com\/wp-content\/uploads\/2024\/11\/Bobbl-e1743418071419-300x248.png\",\"contentUrl\":\"https:\/\/www.rehmracedays.com\/wp-content\/uploads\/2024\/11\/Bobbl-e1743418071419-300x248.png\"},{\"@type\":\"BreadcrumbList\",\"@id\":\"https:\/\/www.rehmracedays.com\/it\/condizioni-generali\/#breadcrumb\",\"itemListElement\":[{\"@type\":\"ListItem\",\"position\":1,\"name\":\"Startseite\",\"item\":\"https:\/\/www.rehmracedays.com\/it\/\"},{\"@type\":\"ListItem\",\"position\":2,\"name\":\"Condizioni generali\"}]},{\"@type\":\"WebSite\",\"@id\":\"https:\/\/www.rehmracedays.com\/it\/#website\",\"url\":\"https:\/\/www.rehmracedays.com\/it\/\",\"name\":\"Rehm Race Days\",\"description\":\"Motorrad auf der Rennstrecke fahren\",\"publisher\":{\"@id\":\"https:\/\/www.rehmracedays.com\/it\/#organization\"},\"potentialAction\":[{\"@type\":\"SearchAction\",\"target\":{\"@type\":\"EntryPoint\",\"urlTemplate\":\"https:\/\/www.rehmracedays.com\/it\/?s={search_term_string}\"},\"query-input\":{\"@type\":\"PropertyValueSpecification\",\"valueRequired\":true,\"valueName\":\"search_term_string\"}}],\"inLanguage\":\"it-IT\"},{\"@type\":\"Organization\",\"@id\":\"https:\/\/www.rehmracedays.com\/it\/#organization\",\"name\":\"Rehm Race Days\",\"url\":\"https:\/\/www.rehmracedays.com\/it\/\",\"logo\":{\"@type\":\"ImageObject\",\"inLanguage\":\"it-IT\",\"@id\":\"https:\/\/www.rehmracedays.com\/it\/#\/schema\/logo\/image\/\",\"url\":\"https:\/\/www.rehmracedays.com\/wp-content\/uploads\/2024\/11\/logorehm.png\",\"contentUrl\":\"https:\/\/www.rehmracedays.com\/wp-content\/uploads\/2024\/11\/logorehm.png\",\"width\":304,\"height\":79,\"caption\":\"Rehm Race Days\"},\"image\":{\"@id\":\"https:\/\/www.rehmracedays.com\/it\/#\/schema\/logo\/image\/\"}}]}<\/script>\n<!-- \/ Yoast SEO plugin. -->","yoast_head_json":{"title":"Condizioni generali - Rehm Race Days","robots":{"index":"index","follow":"follow","max-snippet":"max-snippet:-1","max-image-preview":"max-image-preview:large","max-video-preview":"max-video-preview:-1"},"canonical":"https:\/\/www.rehmracedays.com\/it\/condizioni-generali\/","og_locale":"it_IT","og_type":"article","og_title":"Condizioni generali - Rehm Race Days","og_description":"CONDIZIONI GENERALI DI CONTRATTO Registrazione L&#8217;iscrizione\/prenotazione \u00e8 valida solo se effettuata per iscritto con firma (e-mail\/posta), tramite prenotazione online sul nostro sito web www.rehmracedays.com o da partner verificati per iscritto. L&#8217;iscrizione\/prenotazione \u00e8 valida solo dopo il pagamento completo e la conferma da parte nostra. Il termine ultimo per l&#8217;iscrizione \u00e8 sempre il raggiungimento del numero [&hellip;]","og_url":"https:\/\/www.rehmracedays.com\/it\/condizioni-generali\/","og_site_name":"Rehm Race Days","article_modified_time":"2025-04-02T11:06:45+00:00","og_image":[{"url":"https:\/\/www.rehmracedays.com\/wp-content\/uploads\/2024\/11\/Bobbl-e1743418071419-300x248.png","type":"","width":"","height":""}],"twitter_card":"summary_large_image","twitter_misc":{"Tempo di lettura stimato":"7 minuti"},"schema":{"@context":"https:\/\/schema.org","@graph":[{"@type":"WebPage","@id":"https:\/\/www.rehmracedays.com\/it\/condizioni-generali\/","url":"https:\/\/www.rehmracedays.com\/it\/condizioni-generali\/","name":"Condizioni generali - Rehm Race Days","isPartOf":{"@id":"https:\/\/www.rehmracedays.com\/it\/#website"},"primaryImageOfPage":{"@id":"https:\/\/www.rehmracedays.com\/it\/condizioni-generali\/#primaryimage"},"image":{"@id":"https:\/\/www.rehmracedays.com\/it\/condizioni-generali\/#primaryimage"},"thumbnailUrl":"https:\/\/www.rehmracedays.com\/wp-content\/uploads\/2024\/11\/Bobbl-e1743418071419-300x248.png","datePublished":"2024-11-21T16:34:11+00:00","dateModified":"2025-04-02T11:06:45+00:00","breadcrumb":{"@id":"https:\/\/www.rehmracedays.com\/it\/condizioni-generali\/#breadcrumb"},"inLanguage":"it-IT","potentialAction":[{"@type":"ReadAction","target":["https:\/\/www.rehmracedays.com\/it\/condizioni-generali\/"]}]},{"@type":"ImageObject","inLanguage":"it-IT","@id":"https:\/\/www.rehmracedays.com\/it\/condizioni-generali\/#primaryimage","url":"https:\/\/www.rehmracedays.com\/wp-content\/uploads\/2024\/11\/Bobbl-e1743418071419-300x248.png","contentUrl":"https:\/\/www.rehmracedays.com\/wp-content\/uploads\/2024\/11\/Bobbl-e1743418071419-300x248.png"},{"@type":"BreadcrumbList","@id":"https:\/\/www.rehmracedays.com\/it\/condizioni-generali\/#breadcrumb","itemListElement":[{"@type":"ListItem","position":1,"name":"Startseite","item":"https:\/\/www.rehmracedays.com\/it\/"},{"@type":"ListItem","position":2,"name":"Condizioni generali"}]},{"@type":"WebSite","@id":"https:\/\/www.rehmracedays.com\/it\/#website","url":"https:\/\/www.rehmracedays.com\/it\/","name":"Rehm Race Days","description":"Motorrad auf der Rennstrecke fahren","publisher":{"@id":"https:\/\/www.rehmracedays.com\/it\/#organization"},"potentialAction":[{"@type":"SearchAction","target":{"@type":"EntryPoint","urlTemplate":"https:\/\/www.rehmracedays.com\/it\/?s={search_term_string}"},"query-input":{"@type":"PropertyValueSpecification","valueRequired":true,"valueName":"search_term_string"}}],"inLanguage":"it-IT"},{"@type":"Organization","@id":"https:\/\/www.rehmracedays.com\/it\/#organization","name":"Rehm Race Days","url":"https:\/\/www.rehmracedays.com\/it\/","logo":{"@type":"ImageObject","inLanguage":"it-IT","@id":"https:\/\/www.rehmracedays.com\/it\/#\/schema\/logo\/image\/","url":"https:\/\/www.rehmracedays.com\/wp-content\/uploads\/2024\/11\/logorehm.png","contentUrl":"https:\/\/www.rehmracedays.com\/wp-content\/uploads\/2024\/11\/logorehm.png","width":304,"height":79,"caption":"Rehm Race Days"},"image":{"@id":"https:\/\/www.rehmracedays.com\/it\/#\/schema\/logo\/image\/"}}]}},"meta_box":[],"_links":{"self":[{"href":"https:\/\/www.rehmracedays.com\/it\/wp-json\/wp\/v2\/pages\/4693","targetHints":{"allow":["GET"]}}],"collection":[{"href":"https:\/\/www.rehmracedays.com\/it\/wp-json\/wp\/v2\/pages"}],"about":[{"href":"https:\/\/www.rehmracedays.com\/it\/wp-json\/wp\/v2\/types\/page"}],"author":[{"embeddable":true,"href":"https:\/\/www.rehmracedays.com\/it\/wp-json\/wp\/v2\/users\/2"}],"replies":[{"embeddable":true,"href":"https:\/\/www.rehmracedays.com\/it\/wp-json\/wp\/v2\/comments?post=4693"}],"version-history":[{"count":0,"href":"https:\/\/www.rehmracedays.com\/it\/wp-json\/wp\/v2\/pages\/4693\/revisions"}],"wp:attachment":[{"href":"https:\/\/www.rehmracedays.com\/it\/wp-json\/wp\/v2\/media?parent=4693"}],"curies":[{"name":"wp","href":"https:\/\/api.w.org\/{rel}","templated":true}]}}