{"id":5068,"date":"2025-03-26T09:34:05","date_gmt":"2025-03-26T09:34:05","guid":{"rendered":"https:\/\/booking.rehmracedays.de\/race-school\/"},"modified":"2025-04-07T08:25:14","modified_gmt":"2025-04-07T08:25:14","slug":"race-school","status":"publish","type":"page","link":"https:\/\/www.rehmracedays.com\/it\/race-school\/","title":{"rendered":"RACE SCHOOL"},"content":{"rendered":"\t\t<div data-elementor-type=\"wp-page\" data-elementor-id=\"5068\" class=\"elementor elementor-5068 elementor-4330\" data-elementor-post-type=\"page\">\n\t\t\t\t<div class=\"elementor-element elementor-element-6245ba5 e-con-full e-flex e-con e-parent\" data-id=\"6245ba5\" data-element_type=\"container\" data-e-type=\"container\">\n\t\t\t\t<div class=\"elementor-element elementor-element-04a8999 elementor--h-position-center elementor--v-position-middle elementor-arrows-position-inside elementor-pagination-position-inside elementor-widget elementor-widget-slides\" data-id=\"04a8999\" data-element_type=\"widget\" data-e-type=\"widget\" data-settings=\"{&quot;navigation&quot;:&quot;both&quot;,&quot;autoplay&quot;:&quot;yes&quot;,&quot;pause_on_hover&quot;:&quot;yes&quot;,&quot;pause_on_interaction&quot;:&quot;yes&quot;,&quot;autoplay_speed&quot;:5000,&quot;infinite&quot;:&quot;yes&quot;,&quot;transition&quot;:&quot;slide&quot;,&quot;transition_speed&quot;:500}\" data-widget_type=\"slides.default\">\n\t\t\t\t<div class=\"elementor-widget-container\">\n\t\t\t\t\t\t\t\t\t<div class=\"elementor-swiper\">\n\t\t\t\t\t<div class=\"elementor-slides-wrapper elementor-main-swiper swiper\" role=\"region\" aria-roledescription=\"carousel\" aria-label=\"Slider\" dir=\"ltr\" data-animation=\"fadeInUp\">\n\t\t\t\t<div class=\"swiper-wrapper elementor-slides\">\n\t\t\t\t\t\t\t\t\t\t<div class=\"elementor-repeater-item-025df0a swiper-slide\" role=\"group\" aria-roledescription=\"slide\"><div class=\"swiper-slide-bg\" role=\"img\" aria-label=\"fotomoto_it__136_\"><\/div><div class=\"swiper-slide-inner\" ><div class=\"swiper-slide-contents\"><\/div><\/div><\/div><div class=\"elementor-repeater-item-465f01f swiper-slide\" role=\"group\" aria-roledescription=\"slide\"><div class=\"swiper-slide-bg\" role=\"img\" aria-label=\"fotomoto_it_20\"><\/div><div class=\"swiper-slide-inner\" ><div class=\"swiper-slide-contents\"><\/div><\/div><\/div>\t\t\t\t<\/div>\n\t\t\t\t\t\t\t\t\t\t\t\t\t\t\t<div class=\"elementor-swiper-button elementor-swiper-button-prev\" role=\"button\" tabindex=\"0\" aria-label=\"Diapositiva precedente\">\n\t\t\t\t\t\t\t<svg aria-hidden=\"true\" class=\"e-font-icon-svg e-eicon-chevron-left\" viewBox=\"0 0 1000 1000\" xmlns=\"http:\/\/www.w3.org\/2000\/svg\"><path d=\"M646 125C629 125 613 133 604 142L308 442C296 454 292 471 292 487 292 504 296 521 308 533L604 854C617 867 629 875 646 875 663 875 679 871 692 858 704 846 713 829 713 812 713 796 708 779 692 767L438 487 692 225C700 217 708 204 708 187 708 171 704 154 692 142 675 129 663 125 646 125Z\"><\/path><\/svg>\t\t\t\t\t\t<\/div>\n\t\t\t\t\t\t<div class=\"elementor-swiper-button elementor-swiper-button-next\" role=\"button\" tabindex=\"0\" aria-label=\"Prossima diapositiva\">\n\t\t\t\t\t\t\t<svg aria-hidden=\"true\" class=\"e-font-icon-svg e-eicon-chevron-right\" viewBox=\"0 0 1000 1000\" xmlns=\"http:\/\/www.w3.org\/2000\/svg\"><path d=\"M696 533C708 521 713 504 713 487 713 471 708 454 696 446L400 146C388 133 375 125 354 125 338 125 325 129 313 142 300 154 292 171 292 187 292 204 296 221 308 233L563 492 304 771C292 783 288 800 288 817 288 833 296 850 308 863 321 871 338 875 354 875 371 875 388 867 400 854L696 533Z\"><\/path><\/svg>\t\t\t\t\t\t<\/div>\n\t\t\t\t\t\t\t\t\t\t\t\t\t\t\t\t<div class=\"swiper-pagination\"><\/div>\n\t\t\t\t\t\t\t\t\t\t\t\t<\/div>\n\t\t\t\t<\/div>\n\t\t\t\t\t\t\t\t<\/div>\n\t\t\t\t<\/div>\n\t\t\t\t<\/div>\n\t\t<div class=\"elementor-element elementor-element-af8e5bc e-grid e-con-boxed e-con e-parent\" data-id=\"af8e5bc\" data-element_type=\"container\" data-e-type=\"container\">\n\t\t\t\t\t<div class=\"e-con-inner\">\n\t\t\t\t<div class=\"elementor-element elementor-element-1c9b9ca elementor-widget elementor-widget-image\" data-id=\"1c9b9ca\" data-element_type=\"widget\" data-e-type=\"widget\" data-widget_type=\"image.default\">\n\t\t\t\t<div class=\"elementor-widget-container\">\n\t\t\t\t\t\t\t\t\t\t\t\t\t\t\t<img fetchpriority=\"high\" decoding=\"async\" width=\"800\" height=\"222\" src=\"https:\/\/www.rehmracedays.com\/wp-content\/uploads\/2025\/03\/RehmRaceSchool-1024x284.png\" class=\"attachment-large size-large wp-image-5635\" alt=\"\" srcset=\"https:\/\/www.rehmracedays.com\/wp-content\/uploads\/2025\/03\/RehmRaceSchool-1024x284.png 1024w, https:\/\/www.rehmracedays.com\/wp-content\/uploads\/2025\/03\/RehmRaceSchool-300x83.png 300w, https:\/\/www.rehmracedays.com\/wp-content\/uploads\/2025\/03\/RehmRaceSchool-768x213.png 768w, https:\/\/www.rehmracedays.com\/wp-content\/uploads\/2025\/03\/RehmRaceSchool-1536x426.png 1536w, https:\/\/www.rehmracedays.com\/wp-content\/uploads\/2025\/03\/RehmRaceSchool-600x166.png 600w, https:\/\/www.rehmracedays.com\/wp-content\/uploads\/2025\/03\/RehmRaceSchool.png 1900w\" sizes=\"(max-width: 800px) 100vw, 800px\" \/>\t\t\t\t\t\t\t\t\t\t\t\t\t\t\t<\/div>\n\t\t\t\t<\/div>\n\t\t\t\t\t<\/div>\n\t\t\t\t<\/div>\n\t\t<div class=\"elementor-element elementor-element-581ab4f e-flex e-con-boxed e-con e-parent\" data-id=\"581ab4f\" data-element_type=\"container\" data-e-type=\"container\">\n\t\t\t\t\t<div class=\"e-con-inner\">\n\t\t<div class=\"elementor-element elementor-element-4d2ba23 e-con-full e-flex e-con e-child\" data-id=\"4d2ba23\" data-element_type=\"container\" data-e-type=\"container\">\n\t\t<div class=\"elementor-element elementor-element-e8f00b6 e-con-full e-flex e-con e-child\" data-id=\"e8f00b6\" data-element_type=\"container\" data-e-type=\"container\">\n\t\t<div class=\"elementor-element elementor-element-fa81cab e-con-full e-flex e-con e-child\" data-id=\"fa81cab\" data-element_type=\"container\" data-e-type=\"container\">\n\t\t\t\t<div class=\"elementor-element elementor-element-c0dac9a elementor-widget elementor-widget-text-editor\" data-id=\"c0dac9a\" data-element_type=\"widget\" data-e-type=\"widget\" data-widget_type=\"text-editor.default\">\n\t\t\t\t<div class=\"elementor-widget-container\">\n\t\t\t\t\t\t\t\t\t<h1>Principianti<\/h1>\t\t\t\t\t\t\t\t<\/div>\n\t\t\t\t<\/div>\n\t\t\t\t<div class=\"elementor-element elementor-element-487bb6e elementor-widget elementor-widget-text-editor\" data-id=\"487bb6e\" data-element_type=\"widget\" data-e-type=\"widget\" data-widget_type=\"text-editor.default\">\n\t\t\t\t<div class=\"elementor-widget-container\">\n\t\t\t\t\t\t\t\t\t<p>Con l&#8217;aiuto dei nostri migliori piloti, che vantano un&#8217;esperienza pluriennale, offriamo ai principianti e ai neofiti dell&#8217;autodromo la prima sessione gratuita per i gruppi A e B, in modo che possano familiarizzare con la pista sotto supervisione.<\/p><p>Su richiesta, mettiamo a disposizione dei principianti un istruttore. Una sessione durante l&#8217;evento pu\u00f2 essere prenotata a partire da 60 EUR (coaching individuale a partire da 100 EUR). Per i partecipanti pi\u00f9 esperti, possiamo anche trovare una soluzione per ottenere tempi sul giro pi\u00f9 rapidi con un istruttore esperto su richiesta anticipata.  <\/p>\t\t\t\t\t\t\t\t<\/div>\n\t\t\t\t<\/div>\n\t\t\t\t<\/div>\n\t\t\t\t<div class=\"elementor-element elementor-element-d83124a elementor-widget elementor-widget-image\" data-id=\"d83124a\" data-element_type=\"widget\" data-e-type=\"widget\" data-widget_type=\"image.default\">\n\t\t\t\t<div class=\"elementor-widget-container\">\n\t\t\t\t\t\t\t\t\t\t\t\t\t\t\t<img decoding=\"async\" width=\"800\" height=\"529\" src=\"https:\/\/www.rehmracedays.com\/wp-content\/uploads\/2025\/04\/SCHOOL--1024x677.png\" class=\"attachment-large size-large wp-image-5857\" alt=\"\" srcset=\"https:\/\/www.rehmracedays.com\/wp-content\/uploads\/2025\/04\/SCHOOL--1024x677.png 1024w, https:\/\/www.rehmracedays.com\/wp-content\/uploads\/2025\/04\/SCHOOL--300x198.png 300w, https:\/\/www.rehmracedays.com\/wp-content\/uploads\/2025\/04\/SCHOOL--768x508.png 768w, https:\/\/www.rehmracedays.com\/wp-content\/uploads\/2025\/04\/SCHOOL--600x397.png 600w, https:\/\/www.rehmracedays.com\/wp-content\/uploads\/2025\/04\/SCHOOL-.png 1342w\" sizes=\"(max-width: 800px) 100vw, 800px\" \/>\t\t\t\t\t\t\t\t\t\t\t\t\t\t\t<\/div>\n\t\t\t\t<\/div>\n\t\t\t\t<\/div>\n\t\t<div class=\"elementor-element elementor-element-910e1c0 e-con-full e-flex e-con e-child\" data-id=\"910e1c0\" data-element_type=\"container\" data-e-type=\"container\">\n\t\t\t\t<div class=\"elementor-element elementor-element-72bc407 elementor-widget elementor-widget-text-editor\" data-id=\"72bc407\" data-element_type=\"widget\" data-e-type=\"widget\" data-widget_type=\"text-editor.default\">\n\t\t\t\t<div class=\"elementor-widget-container\">\n\t\t\t\t\t\t\t\t\t<h1>Professionale<\/h1>\t\t\t\t\t\t\t\t<\/div>\n\t\t\t\t<\/div>\n\t\t\t\t<div class=\"elementor-element elementor-element-27f3138 elementor-widget elementor-widget-text-editor\" data-id=\"27f3138\" data-element_type=\"widget\" data-e-type=\"widget\" data-widget_type=\"text-editor.default\">\n\t\t\t\t<div class=\"elementor-widget-container\">\n\t\t\t\t\t\t\t\t\t<p>Per partecipanti esperti &#8211; con istruttori esperti di campionati mondiali per ottenere tempi sul giro pi\u00f9 rapidi.<\/p><ol><li>Teoria\/Fondamenti: posizione di seduta, distribuzione del peso, controllo degli occhi; regolazione delle sospensioni e addestramento con la telecamera (riprese dalla parte anteriore e posteriore e successiva valutazione per identificare gli errori e mettere in pratica consigli e suggerimenti per migliorare nelle curve successive).<\/li><li>Quando si prenota il pacchetto di lezioni professionali, \u00e8 incluso un posto in un box condiviso.<\/li><li>Prezzi pi\u00f9 tasse di iscrizione all&#8217;evento &#8211; 1 giorno con la tua moto: <\/li><\/ol>\t\t\t\t\t\t\t\t<\/div>\n\t\t\t\t<\/div>\n\t\t\t\t<div class=\"elementor-element elementor-element-92bfb68 elementor-widget elementor-widget-spacer\" data-id=\"92bfb68\" data-element_type=\"widget\" data-e-type=\"widget\" data-widget_type=\"spacer.default\">\n\t\t\t\t<div class=\"elementor-widget-container\">\n\t\t\t\t\t\t\t<div class=\"elementor-spacer\">\n\t\t\t<div class=\"elementor-spacer-inner\"><\/div>\n\t\t<\/div>\n\t\t\t\t\t\t<\/div>\n\t\t\t\t<\/div>\n\t\t\t\t<div class=\"elementor-element elementor-element-6f018c7 elementor-widget elementor-widget-html\" data-id=\"6f018c7\" data-element_type=\"widget\" data-e-type=\"widget\" data-widget_type=\"html.default\">\n\t\t\t\t<div class=\"elementor-widget-container\">\n\t\t\t\t\t<table class=\"contenttable custom_table\"> \n<thead> \n    <tr> \n    \t<th scope=\"col\">\n    \t\t<p>Istruzione professionale<\/p>\n    \t<\/th>\n    \t<th scope=\"col\">\n    \t\t<p>1 giorno \/ pilota<\/p>\n    \t<\/th>\n    \t<th scope=\"col\">\n    \t\t<p> 2 giorni \/ pilota <\/p>\n    \t<\/th>\n            <\/th>\n    \t<th scope=\"col\">\n    \t\t<p>3 giorni \/ pilota<\/p>\n    \t    <\/tr>\n<\/thead>\n<tbody> \n\t<tr> \n\t\t<td>\n\t\t\t<p>Istruzione di gruppo 4 piloti <\/p>\n\t\t<\/td>\n\t\t<td>\n\t\t\t<p>450,00<\/p>\n\t\t<\/td>\n\t\t<td>\n\t\t\t<p>780,00\u20ac<\/p>\n\t\t<\/td>\n\t\t<td>\n\t\t\t<p>1000,00\u20ac<\/p>\n\t\t<\/td>\n\t<tr>\n\t    <td>\n\t\t\t<p>Istruzione di gruppo 3 piloti<\/p>\n\t\t<\/td>\n\t\t<td>\n\t\t\t<p>575,00\u20ac<\/p>\n\t\t<\/td>\n\t\t<td>\n\t\t\t<p>995,00\u20ac<\/p>\n\t\t<\/td>\n\t\t <td>\n\t\t\t<p>1275,00\u20ac<\/p>\n\t\t<\/td>\n\t\t <\/tr>\n\t<tr> \n\t\t<td>\n\t\t\t<p>Istruzione di gruppo 2 piloti <\/p>\n\t\t<\/td>\n\t\t<td>\n\t\t\t<p>825,00\u20ac<\/p>\n\t\t<\/td>\n\t\t<td>\n\t\t\t<p>1435,00\u20ac<\/p>\n\t\t<\/td>\n\t\t <td>\n\t\t\t<p>1835,00\u20ac<\/p>\n\t\t<\/td>\n\t<tr>\n\t    <td>\n\t\t\t<p>Instruzione Individuale<\/p>\n\t\t<\/td>\n\t\t<td>\n\t\t\t<p>1600,00\u20ac<\/p>\n\t\t<\/td>\n\t\t<td>\n\t\t\t<p>2775,00\u20ac<\/p>\n\t\t<\/td>\n\t\t <td>\n\t\t\t<p>3555,00\u20ac<\/p>\n\t\t<\/td>\n\t\t <\/tr>\n\t\t\t <\/tbody>\n <\/table>\t\t\t\t<\/div>\n\t\t\t\t<\/div>\n\t\t\t\t<\/div>\n\t\t\t\t<\/div>\n\t\t\t\t\t<\/div>\n\t\t\t\t<\/div>\n\t\t<div class=\"elementor-element elementor-element-c55f8b0 e-flex e-con-boxed e-con e-parent\" data-id=\"c55f8b0\" data-element_type=\"container\" data-e-type=\"container\">\n\t\t\t\t\t<div class=\"e-con-inner\">\n\t\t<div class=\"elementor-element elementor-element-a690f85 e-con-full e-flex e-con e-child\" data-id=\"a690f85\" data-element_type=\"container\" data-e-type=\"container\">\n\t\t\t\t<div class=\"elementor-element elementor-element-2ca43ad elementor-widget__width-inherit elementor-button-align-stretch elementor-widget elementor-widget-form\" data-id=\"2ca43ad\" data-element_type=\"widget\" data-e-type=\"widget\" data-settings=\"{&quot;step_next_label&quot;:&quot;Proxima&quot;,&quot;step_previous_label&quot;:&quot;Priore&quot;,&quot;button_width&quot;:&quot;100&quot;,&quot;step_type&quot;:&quot;number_text&quot;,&quot;step_icon_shape&quot;:&quot;circle&quot;}\" data-widget_type=\"form.default\">\n\t\t\t\t<div class=\"elementor-widget-container\">\n\t\t\t\t\t\t\t<form class=\"elementor-form\" method=\"post\" name=\"Nuovo modulo\" aria-label=\"Nuovo modulo\">\n\t\t\t<input type=\"hidden\" name=\"post_id\" value=\"5068\"\/>\n\t\t\t<input type=\"hidden\" name=\"form_id\" value=\"2ca43ad\"\/>\n\t\t\t<input type=\"hidden\" name=\"referer_title\" value=\"Rehm Race Days\" \/>\n\n\t\t\t\n\t\t\t<div class=\"elementor-form-fields-wrapper elementor-labels-above\">\n\t\t\t\t\t\t\t\t<div class=\"elementor-field-type-text elementor-field-group elementor-column elementor-field-group-name elementor-col-100\">\n\t\t\t\t\t\t\t\t\t\t\t\t<label for=\"form-field-name\" class=\"elementor-field-label\">\n\t\t\t\t\t\t\t\tNome\t\t\t\t\t\t\t<\/label>\n\t\t\t\t\t\t\t\t\t\t\t\t\t\t<input size=\"1\" type=\"text\" name=\"form_fields[name]\" id=\"form-field-name\" class=\"elementor-field elementor-size-sm  elementor-field-textual\" placeholder=\"Nome\">\n\t\t\t\t\t\t\t\t\t\t\t<\/div>\n\t\t\t\t\t\t\t\t<div class=\"elementor-field-type-email elementor-field-group elementor-column elementor-field-group-email elementor-col-100 elementor-field-required\">\n\t\t\t\t\t\t\t\t\t\t\t\t<label for=\"form-field-email\" class=\"elementor-field-label\">\n\t\t\t\t\t\t\t\tE-Mail\t\t\t\t\t\t\t<\/label>\n\t\t\t\t\t\t\t\t\t\t\t\t\t\t<input size=\"1\" type=\"email\" name=\"form_fields[email]\" id=\"form-field-email\" class=\"elementor-field elementor-size-sm  elementor-field-textual\" placeholder=\"E-Mail\" required=\"required\">\n\t\t\t\t\t\t\t\t\t\t\t<\/div>\n\t\t\t\t\t\t\t\t<div class=\"elementor-field-type-textarea elementor-field-group elementor-column elementor-field-group-message elementor-col-100\">\n\t\t\t\t\t\t\t\t\t\t\t\t<label for=\"form-field-message\" class=\"elementor-field-label\">\n\t\t\t\t\t\t\t\tmessaggio\t\t\t\t\t\t\t<\/label>\n\t\t\t\t\t\t<textarea class=\"elementor-field-textual elementor-field  elementor-size-sm\" name=\"form_fields[message]\" id=\"form-field-message\" rows=\"4\" placeholder=\"messaggio\"><\/textarea>\t\t\t\t<\/div>\n\t\t\t\t\t\t\t\t<div class=\"elementor-field-group elementor-column elementor-field-type-submit elementor-col-100 e-form__buttons\">\n\t\t\t\t\t<button class=\"elementor-button elementor-size-sm\" type=\"submit\">\n\t\t\t\t\t\t<span class=\"elementor-button-content-wrapper\">\n\t\t\t\t\t\t\t\t\t\t\t\t\t\t\t\t\t\t\t\t\t\t<span class=\"elementor-button-text\">Invia<\/span>\n\t\t\t\t\t\t\t\t\t\t\t\t\t<\/span>\n\t\t\t\t\t<\/button>\n\t\t\t\t<\/div>\n\t\t\t<\/div>\n\t\t<\/form>\n\t\t\t\t\t\t<\/div>\n\t\t\t\t<\/div>\n\t\t\t\t<\/div>\n\t\t\t\t\t<\/div>\n\t\t\t\t<\/div>\n\t\t<div class=\"elementor-element elementor-element-be532e0 e-flex e-con-boxed e-con e-parent\" data-id=\"be532e0\" data-element_type=\"container\" data-e-type=\"container\">\n\t\t\t\t\t<div class=\"e-con-inner\">\n\t\t\t\t<div class=\"elementor-element elementor-element-5aa8ff9 elementor-widget elementor-widget-spacer\" data-id=\"5aa8ff9\" data-element_type=\"widget\" data-e-type=\"widget\" data-widget_type=\"spacer.default\">\n\t\t\t\t<div class=\"elementor-widget-container\">\n\t\t\t\t\t\t\t<div class=\"elementor-spacer\">\n\t\t\t<div class=\"elementor-spacer-inner\"><\/div>\n\t\t<\/div>\n\t\t\t\t\t\t<\/div>\n\t\t\t\t<\/div>\n\t\t\t\t\t<\/div>\n\t\t\t\t<\/div>\n\t\t\t\t<\/div>\n\t\t","protected":false},"excerpt":{"rendered":"<p>Principianti Con l&#8217;aiuto dei nostri migliori piloti, che vantano un&#8217;esperienza pluriennale, offriamo ai principianti e ai neofiti dell&#8217;autodromo la prima sessione gratuita per i gruppi A e B, in modo che possano familiarizzare con la pista sotto supervisione. Su richiesta, mettiamo a disposizione dei principianti un istruttore. Una sessione durante l&#8217;evento pu\u00f2 essere prenotata a [&hellip;]<\/p>\n","protected":false},"author":12348,"featured_media":0,"parent":0,"menu_order":2,"comment_status":"closed","ping_status":"closed","template":"","meta":{"postBodyCss":"","postBodyMargin":[],"postBodyPadding":[],"postBodyBackground":{"backgroundType":"classic","gradient":""},"footnotes":""},"class_list":["post-5068","page","type-page","status-publish","hentry"],"yoast_head":"<!-- This site is optimized with the Yoast SEO plugin v27.0 - https:\/\/yoast.com\/product\/yoast-seo-wordpress\/ -->\n<title>RACE SCHOOL - Rehm Race Days<\/title>\n<meta name=\"robots\" content=\"index, follow, max-snippet:-1, max-image-preview:large, max-video-preview:-1\" \/>\n<link rel=\"canonical\" href=\"https:\/\/www.rehmracedays.com\/it\/race-school\/\" \/>\n<meta property=\"og:locale\" content=\"it_IT\" \/>\n<meta property=\"og:type\" content=\"article\" \/>\n<meta property=\"og:title\" content=\"RACE SCHOOL - Rehm Race Days\" \/>\n<meta property=\"og:description\" content=\"Principianti Con l&#8217;aiuto dei nostri migliori piloti, che vantano un&#8217;esperienza pluriennale, offriamo ai principianti e ai neofiti dell&#8217;autodromo la prima sessione gratuita per i gruppi A e B, in modo che possano familiarizzare con la pista sotto supervisione. Su richiesta, mettiamo a disposizione dei principianti un istruttore. Una sessione durante l&#8217;evento pu\u00f2 essere prenotata a [&hellip;]\" \/>\n<meta property=\"og:url\" content=\"https:\/\/www.rehmracedays.com\/it\/race-school\/\" \/>\n<meta property=\"og:site_name\" content=\"Rehm Race Days\" \/>\n<meta property=\"article:modified_time\" content=\"2025-04-07T08:25:14+00:00\" \/>\n<meta property=\"og:image\" content=\"https:\/\/www.rehmracedays.com\/wp-content\/uploads\/2025\/03\/RehmRaceSchool-1024x284.png\" \/>\n<meta name=\"twitter:card\" content=\"summary_large_image\" \/>\n<meta name=\"twitter:label1\" content=\"Tempo di lettura stimato\" \/>\n\t<meta name=\"twitter:data1\" content=\"1 minuto\" \/>\n<script type=\"application\/ld+json\" class=\"yoast-schema-graph\">{\"@context\":\"https:\/\/schema.org\",\"@graph\":[{\"@type\":\"WebPage\",\"@id\":\"https:\/\/www.rehmracedays.com\/it\/race-school\/\",\"url\":\"https:\/\/www.rehmracedays.com\/it\/race-school\/\",\"name\":\"RACE SCHOOL - Rehm Race Days\",\"isPartOf\":{\"@id\":\"https:\/\/www.rehmracedays.com\/it\/#website\"},\"primaryImageOfPage\":{\"@id\":\"https:\/\/www.rehmracedays.com\/it\/race-school\/#primaryimage\"},\"image\":{\"@id\":\"https:\/\/www.rehmracedays.com\/it\/race-school\/#primaryimage\"},\"thumbnailUrl\":\"https:\/\/www.rehmracedays.com\/wp-content\/uploads\/2025\/03\/RehmRaceSchool-1024x284.png\",\"datePublished\":\"2025-03-26T09:34:05+00:00\",\"dateModified\":\"2025-04-07T08:25:14+00:00\",\"breadcrumb\":{\"@id\":\"https:\/\/www.rehmracedays.com\/it\/race-school\/#breadcrumb\"},\"inLanguage\":\"it-IT\",\"potentialAction\":[{\"@type\":\"ReadAction\",\"target\":[\"https:\/\/www.rehmracedays.com\/it\/race-school\/\"]}]},{\"@type\":\"ImageObject\",\"inLanguage\":\"it-IT\",\"@id\":\"https:\/\/www.rehmracedays.com\/it\/race-school\/#primaryimage\",\"url\":\"https:\/\/www.rehmracedays.com\/wp-content\/uploads\/2025\/03\/RehmRaceSchool-1024x284.png\",\"contentUrl\":\"https:\/\/www.rehmracedays.com\/wp-content\/uploads\/2025\/03\/RehmRaceSchool-1024x284.png\"},{\"@type\":\"BreadcrumbList\",\"@id\":\"https:\/\/www.rehmracedays.com\/it\/race-school\/#breadcrumb\",\"itemListElement\":[{\"@type\":\"ListItem\",\"position\":1,\"name\":\"Startseite\",\"item\":\"https:\/\/www.rehmracedays.com\/it\/\"},{\"@type\":\"ListItem\",\"position\":2,\"name\":\"RACE SCHOOL\"}]},{\"@type\":\"WebSite\",\"@id\":\"https:\/\/www.rehmracedays.com\/it\/#website\",\"url\":\"https:\/\/www.rehmracedays.com\/it\/\",\"name\":\"Rehm Race Days\",\"description\":\"Motorrad auf der Rennstrecke fahren\",\"publisher\":{\"@id\":\"https:\/\/www.rehmracedays.com\/it\/#organization\"},\"potentialAction\":[{\"@type\":\"SearchAction\",\"target\":{\"@type\":\"EntryPoint\",\"urlTemplate\":\"https:\/\/www.rehmracedays.com\/it\/?s={search_term_string}\"},\"query-input\":{\"@type\":\"PropertyValueSpecification\",\"valueRequired\":true,\"valueName\":\"search_term_string\"}}],\"inLanguage\":\"it-IT\"},{\"@type\":\"Organization\",\"@id\":\"https:\/\/www.rehmracedays.com\/it\/#organization\",\"name\":\"Rehm Race Days\",\"url\":\"https:\/\/www.rehmracedays.com\/it\/\",\"logo\":{\"@type\":\"ImageObject\",\"inLanguage\":\"it-IT\",\"@id\":\"https:\/\/www.rehmracedays.com\/it\/#\/schema\/logo\/image\/\",\"url\":\"https:\/\/www.rehmracedays.com\/wp-content\/uploads\/2024\/11\/logorehm.png\",\"contentUrl\":\"https:\/\/www.rehmracedays.com\/wp-content\/uploads\/2024\/11\/logorehm.png\",\"width\":304,\"height\":79,\"caption\":\"Rehm Race Days\"},\"image\":{\"@id\":\"https:\/\/www.rehmracedays.com\/it\/#\/schema\/logo\/image\/\"}}]}<\/script>\n<!-- \/ Yoast SEO plugin. -->","yoast_head_json":{"title":"RACE SCHOOL - Rehm Race Days","robots":{"index":"index","follow":"follow","max-snippet":"max-snippet:-1","max-image-preview":"max-image-preview:large","max-video-preview":"max-video-preview:-1"},"canonical":"https:\/\/www.rehmracedays.com\/it\/race-school\/","og_locale":"it_IT","og_type":"article","og_title":"RACE SCHOOL - Rehm Race Days","og_description":"Principianti Con l&#8217;aiuto dei nostri migliori piloti, che vantano un&#8217;esperienza pluriennale, offriamo ai principianti e ai neofiti dell&#8217;autodromo la prima sessione gratuita per i gruppi A e B, in modo che possano familiarizzare con la pista sotto supervisione. Su richiesta, mettiamo a disposizione dei principianti un istruttore. Una sessione durante l&#8217;evento pu\u00f2 essere prenotata a [&hellip;]","og_url":"https:\/\/www.rehmracedays.com\/it\/race-school\/","og_site_name":"Rehm Race Days","article_modified_time":"2025-04-07T08:25:14+00:00","og_image":[{"url":"https:\/\/www.rehmracedays.com\/wp-content\/uploads\/2025\/03\/RehmRaceSchool-1024x284.png","type":"","width":"","height":""}],"twitter_card":"summary_large_image","twitter_misc":{"Tempo di lettura stimato":"1 minuto"},"schema":{"@context":"https:\/\/schema.org","@graph":[{"@type":"WebPage","@id":"https:\/\/www.rehmracedays.com\/it\/race-school\/","url":"https:\/\/www.rehmracedays.com\/it\/race-school\/","name":"RACE SCHOOL - Rehm Race Days","isPartOf":{"@id":"https:\/\/www.rehmracedays.com\/it\/#website"},"primaryImageOfPage":{"@id":"https:\/\/www.rehmracedays.com\/it\/race-school\/#primaryimage"},"image":{"@id":"https:\/\/www.rehmracedays.com\/it\/race-school\/#primaryimage"},"thumbnailUrl":"https:\/\/www.rehmracedays.com\/wp-content\/uploads\/2025\/03\/RehmRaceSchool-1024x284.png","datePublished":"2025-03-26T09:34:05+00:00","dateModified":"2025-04-07T08:25:14+00:00","breadcrumb":{"@id":"https:\/\/www.rehmracedays.com\/it\/race-school\/#breadcrumb"},"inLanguage":"it-IT","potentialAction":[{"@type":"ReadAction","target":["https:\/\/www.rehmracedays.com\/it\/race-school\/"]}]},{"@type":"ImageObject","inLanguage":"it-IT","@id":"https:\/\/www.rehmracedays.com\/it\/race-school\/#primaryimage","url":"https:\/\/www.rehmracedays.com\/wp-content\/uploads\/2025\/03\/RehmRaceSchool-1024x284.png","contentUrl":"https:\/\/www.rehmracedays.com\/wp-content\/uploads\/2025\/03\/RehmRaceSchool-1024x284.png"},{"@type":"BreadcrumbList","@id":"https:\/\/www.rehmracedays.com\/it\/race-school\/#breadcrumb","itemListElement":[{"@type":"ListItem","position":1,"name":"Startseite","item":"https:\/\/www.rehmracedays.com\/it\/"},{"@type":"ListItem","position":2,"name":"RACE SCHOOL"}]},{"@type":"WebSite","@id":"https:\/\/www.rehmracedays.com\/it\/#website","url":"https:\/\/www.rehmracedays.com\/it\/","name":"Rehm Race Days","description":"Motorrad auf der Rennstrecke fahren","publisher":{"@id":"https:\/\/www.rehmracedays.com\/it\/#organization"},"potentialAction":[{"@type":"SearchAction","target":{"@type":"EntryPoint","urlTemplate":"https:\/\/www.rehmracedays.com\/it\/?s={search_term_string}"},"query-input":{"@type":"PropertyValueSpecification","valueRequired":true,"valueName":"search_term_string"}}],"inLanguage":"it-IT"},{"@type":"Organization","@id":"https:\/\/www.rehmracedays.com\/it\/#organization","name":"Rehm Race Days","url":"https:\/\/www.rehmracedays.com\/it\/","logo":{"@type":"ImageObject","inLanguage":"it-IT","@id":"https:\/\/www.rehmracedays.com\/it\/#\/schema\/logo\/image\/","url":"https:\/\/www.rehmracedays.com\/wp-content\/uploads\/2024\/11\/logorehm.png","contentUrl":"https:\/\/www.rehmracedays.com\/wp-content\/uploads\/2024\/11\/logorehm.png","width":304,"height":79,"caption":"Rehm Race Days"},"image":{"@id":"https:\/\/www.rehmracedays.com\/it\/#\/schema\/logo\/image\/"}}]}},"meta_box":[],"_links":{"self":[{"href":"https:\/\/www.rehmracedays.com\/it\/wp-json\/wp\/v2\/pages\/5068","targetHints":{"allow":["GET"]}}],"collection":[{"href":"https:\/\/www.rehmracedays.com\/it\/wp-json\/wp\/v2\/pages"}],"about":[{"href":"https:\/\/www.rehmracedays.com\/it\/wp-json\/wp\/v2\/types\/page"}],"author":[{"embeddable":true,"href":"https:\/\/www.rehmracedays.com\/it\/wp-json\/wp\/v2\/users\/12348"}],"replies":[{"embeddable":true,"href":"https:\/\/www.rehmracedays.com\/it\/wp-json\/wp\/v2\/comments?post=5068"}],"version-history":[{"count":0,"href":"https:\/\/www.rehmracedays.com\/it\/wp-json\/wp\/v2\/pages\/5068\/revisions"}],"wp:attachment":[{"href":"https:\/\/www.rehmracedays.com\/it\/wp-json\/wp\/v2\/media?parent=5068"}],"curies":[{"name":"wp","href":"https:\/\/api.w.org\/{rel}","templated":true}]}}